{"id":4505,"date":"2025-09-23T20:01:49","date_gmt":"2025-09-23T20:01:49","guid":{"rendered":"https:\/\/cooaceded.coop\/wordpress\/?page_id=4505"},"modified":"2025-10-29T15:44:27","modified_gmt":"2025-10-29T15:44:27","slug":"carga-de-soportes-de-pago","status":"publish","type":"page","link":"https:\/\/cooaceded.coop\/wordpress\/carga-de-soportes-de-pago\/","title":{"rendered":"Carga de Soportes de Pago"},"content":{"rendered":"\t\t<div data-elementor-type=\"wp-page\" data-elementor-id=\"4505\" class=\"elementor elementor-4505\">\n\t\t\t\t\t\t<section class=\"elementor-section elementor-top-section elementor-element elementor-element-8ad2d17 elementor-section-boxed elementor-section-height-default elementor-section-height-default\" data-id=\"8ad2d17\" data-element_type=\"section\" data-e-type=\"section\">\n\t\t\t\t\t\t<div class=\"elementor-container elementor-column-gap-default\">\n\t\t\t\t\t<div class=\"elementor-column elementor-col-100 elementor-top-column elementor-element elementor-element-4d8d3b2\" data-id=\"4d8d3b2\" data-element_type=\"column\" data-e-type=\"column\">\n\t\t\t<div class=\"elementor-widget-wrap elementor-element-populated\">\n\t\t\t\t\t\t<div class=\"elementor-element elementor-element-568606c elementor-widget elementor-widget-go-s-heading\" data-id=\"568606c\" data-element_type=\"widget\" data-e-type=\"widget\" data-widget_type=\"go-s-heading.default\">\n\t\t\t\t<div class=\"elementor-widget-container\">\n\t\t\t\t\t<div class=\"prthalign\">\n            <h6 class=\"kd-subtitle-1 kd-subtitle-ani-1 elementor-kadu-sub\">\n                            <img decoding=\"async\" src=\"https:\/\/cooaceded.coop\/wordpress\/wp-content\/uploads\/2025\/01\/Sesterella1.png\" alt=\"\"> \n              \n            \u00c1rea de Tesorer\u00eda        <\/h6>\n        <h1 class=\"elementor-gt-heading kd-section-title-1 kd-title-ani kd-split-text\">Carga de Soportes de Pago<\/h1>        <div class=\"elementor-gt-desc kd-para-1 disc wow\" data-splitting>\n        <p>Este formulario est\u00e1 disponible para que adjuntes de manera f\u00e1cil y segura el <strong>comprobante de tu pago<\/strong>.<br \/>Por favor completa todos los campos requeridos y sube el archivo correspondiente.<\/p><p>\ud83d\udccc Recuerda: solo se validar\u00e1n los pagos que est\u00e9n correctamente identificados con el <strong>nombre completo, n\u00famero de c\u00e9dula y concepto<\/strong>.<\/p>    <\/div>        \n    <\/div>\t\t\t\t<\/div>\n\t\t\t\t<\/div>\n\t\t\t\t<div class=\"elementor-element elementor-element-bbe3138 elementor-widget elementor-widget-shortcode\" data-id=\"bbe3138\" data-element_type=\"widget\" data-e-type=\"widget\" data-widget_type=\"shortcode.default\">\n\t\t\t\t<div class=\"elementor-widget-container\">\n\t\t\t\t\t\t\t<div class=\"elementor-shortcode\"><div class=\"forminator-ui forminator-custom-form forminator-custom-form-4503 forminator-design--bold  forminator_ajax\" data-forminator-render=\"0\" data-form=\"forminator-module-4503\" data-uid=\"69fde32cbf443\"><br\/><\/div><form\n\t\t\t\tid=\"forminator-module-4503\"\n\t\t\t\tclass=\"forminator-ui forminator-custom-form forminator-custom-form-4503 forminator-design--bold  forminator_ajax\"\n\t\t\t\tmethod=\"post\"\n\t\t\t\tdata-forminator-render=\"0\"\n\t\t\t\tdata-form-id=\"4503\"\n\t\t\t\tenctype=\"multipart\/form-data\" data-color-option=\"theme\" data-design=\"bold\" data-grid=\"open\" style=\"display: none;\"\n\t\t\t\tdata-uid=\"69fde32cbf443\"\n\t\t\t><div role=\"alert\" aria-live=\"polite\" class=\"forminator-response-message forminator-error\" aria-hidden=\"true\"><\/div><div class=\"forminator-row\"><div id=\"select-2\" class=\"forminator-field-select forminator-col forminator-col-12 \"><div class=\"forminator-field\"><label for=\"forminator-form-4503__field--select-2_69fde32cbf443\" id=\"forminator-form-4503__field--select-2_69fde32cbf443-label\" class=\"forminator-label\">Agencia u Oficina: <span class=\"forminator-required\">*<\/span><\/label><select  id=\"forminator-form-4503__field--select-2_69fde32cbf443\" class=\"forminator-select--field forminator-select2 forminator-select2-multiple\" data-required=\"1\" name=\"select-2\" data-default-value=\"\" data-hidden-behavior=\"zero\" data-placeholder=\"Agencia u Oficina:\" data-search=\"false\" data-search-placeholder=\"Agencia u Oficina:\" data-checkbox=\"false\" data-allow-clear=\"false\" aria-labelledby=\"forminator-form-4503__field--select-2_69fde32cbf443-label\"><option value=\"\"  >Agencia u Oficina:<\/option><option value=\"one\"  data-calculation=\"0\">Cartagena y Zona Norte<\/option><option value=\"two\"  data-calculation=\"0\">Montes de Mar\u00eda<\/option><option value=\"No-binario\"  data-calculation=\"0\">Mangangu\u00e9<\/option><option value=\"Prefiero-no-responder\"  data-calculation=\"0\">Depresi\u00f3n Momposina<\/option><option value=\"Las-Lobas\"  data-calculation=\"0\">Las Lobas<\/option><option value=\"Magdalena-Medio\"  data-calculation=\"0\">Magdalena Medio<\/option><option value=\"Bajo-Cauca\"  data-calculation=\"0\">Bajo Cauca<\/option><\/select><\/div><\/div><\/div><div class=\"forminator-row\"><div id=\"number-1\" class=\"forminator-field-number forminator-col forminator-col-6 \"><div class=\"forminator-field\"><label for=\"forminator-field-number-1_69fde32cbf443\" id=\"forminator-field-number-1_69fde32cbf443-label\" class=\"forminator-label\">N\u00famero de Identidad: <span class=\"forminator-required\">*<\/span><\/label><input name=\"number-1\" value=\"\" placeholder=\"I.D\" id=\"forminator-field-number-1_69fde32cbf443\" class=\"forminator-input forminator-number--field\" inputmode=\"decimal\" data-required=\"1\" data-decimals=\"0\" aria-required=\"true\" data-inputmask=\"&#039;groupSeparator&#039;: &#039;&#039;, &#039;radixPoint&#039;: &#039;&#039;, &#039;digits&#039;: &#039;0&#039;\" data-hidden-behavior=\"zero\" type=\"number\" step=\"any\" min=\"1\" max=\"99999999999999999\" \/><\/div><\/div><div id=\"name-1\" class=\"forminator-field-name forminator-col forminator-col-6 \"><div class=\"forminator-field\"><label for=\"forminator-field-name-1_69fde32cbf443\" id=\"forminator-field-name-1_69fde32cbf443-label\" class=\"forminator-label\">Nombres y Apellidos del Solicitante: <span class=\"forminator-required\">*<\/span><\/label><input type=\"text\" name=\"name-1\" value=\"\" placeholder=\"Nombre Completo\" id=\"forminator-field-name-1_69fde32cbf443\" class=\"forminator-input forminator-name--field\" aria-required=\"true\" autocomplete=\"name\" \/><\/div><\/div><\/div><div class=\"forminator-row\"><div id=\"email-1\" class=\"forminator-field-email forminator-col forminator-col-6 \"><div class=\"forminator-field\"><label for=\"forminator-field-email-1_69fde32cbf443\" id=\"forminator-field-email-1_69fde32cbf443-label\" class=\"forminator-label\">Direcci\u00f3n de Correo Electr\u00f3nico: <span class=\"forminator-required\">*<\/span><\/label><input type=\"email\" name=\"email-1\" value=\"\" placeholder=\"Correo\" id=\"forminator-field-email-1_69fde32cbf443\" class=\"forminator-input forminator-email--field\" data-required=\"true\" aria-required=\"true\" autocomplete=\"email\" \/><\/div><\/div><div id=\"phone-1\" class=\"forminator-field-phone forminator-col forminator-col-6 \"><div class=\"forminator-field\"><label for=\"forminator-field-phone-1_69fde32cbf443\" id=\"forminator-field-phone-1_69fde32cbf443-label\" class=\"forminator-label\">N\u00famero de Tel\u00e9fono: <span class=\"forminator-required\">*<\/span><\/label><input type=\"text\" name=\"phone-1\" value=\"\" placeholder=\"Celular\" id=\"forminator-field-phone-1_69fde32cbf443\" class=\"forminator-input forminator-field--phone\" data-required=\"1\" aria-required=\"true\" autocomplete=\"off\" \/><\/div><\/div><\/div><div class=\"forminator-row\"><div id=\"upload-1\" class=\"forminator-field-upload forminator-col forminator-col-12 \"><div class=\"forminator-field\"><label for=\"forminator-field-upload-1_69fde32cbf443\" id=\"forminator-field-upload-1_69fde32cbf443-label\" class=\"forminator-label\">Soporte de Pago: <span class=\"forminator-required\">*<\/span><\/label><div class=\"forminator-file-upload \" data-element=\"upload-1_69fde32cbf443\"><input type=\"file\" name=\"upload-1\" id=\"forminator-field-upload-1_69fde32cbf443\" class=\"forminator-input-file-required do-validate\" accept=\".jpg,.jpeg,.jpe,.gif,.png,.bmp,.tiff,.tif,.webp,.avif,.ico,.heic,.heif,.heics,.heifs,.asf,.asx,.wmv,.wmx,.wm,.avi,.divx,.flv,.mov,.qt,.mpeg,.mpg,.mpe,.mp4,.m4v,.ogv,.webm,.mkv,.3gp,.3gpp,.3g2,.3gp2,.txt,.asc,.c,.cc,.h,.srt,.csv,.tsv,.ics,.rtx,.vtt,.mp3,.m4a,.m4b,.aac,.ra,.ram,.wav,.x-wav,.ogg,.oga,.flac,.mid,.midi,.wma,.wax,.mka,.rtf,.pdf,.class,.tar,.zip,.gz,.gzip,.7z,.psd,.xcf,.doc,.pot,.pps,.ppt,.wri,.xla,.xls,.xlt,.xlw,.mdb,.mpp,.docx,.docm,.dotx,.dotm,.xlsx,.xlsm,.xlsb,.xltx,.xltm,.xlam,.pptx,.pptm,.ppsx,.ppsm,.potx,.potm,.ppam,.sldx,.sldm,.onetoc,.onetoc2,.onetmp,.onepkg,.oxps,.xps,.odt,.odp,.ods,.odg,.odc,.odb,.odf,.wp,.wpd,.key,.numbers,.pages,.woff,.woff2,.ttf,.eot,.otf\" tabindex=\"-1\"><button id=\"forminator-field-upload-1_69fde32cbf443_button\" class=\"forminator-button forminator-button-upload\" data-id=\"forminator-field-upload-1_69fde32cbf443\">Elegir archivo<\/button><span data-empty-text=\"Ning\u00fan archivo seleccionado\">Ning\u00fan archivo seleccionado<\/span><button class=\"forminator-button-delete\" style=\"display: none;\"><i class=\"forminator-icon-close\" aria-hidden=\"true\"><\/i><span class=\"forminator-screen-reader-only\">Eliminar el archivo subido<\/span><\/button><\/div><\/div><\/div><\/div><div class=\"forminator-row\"><div id=\"select-3\" class=\"forminator-field-select forminator-col forminator-col-12 \"><div class=\"forminator-field\"><label for=\"forminator-form-4503__field--select-3_69fde32cbf443\" id=\"forminator-form-4503__field--select-3_69fde32cbf443-label\" class=\"forminator-label\">Concepto a Cancelar: <span class=\"forminator-required\">*<\/span><\/label><select  id=\"forminator-form-4503__field--select-3_69fde32cbf443\" class=\"forminator-select--field forminator-select2 forminator-select2-multiple\" data-required=\"1\" name=\"select-3\" data-default-value=\"\" data-hidden-behavior=\"zero\" data-placeholder=\"Concepto a Cancelar:\" data-search=\"false\" data-search-placeholder=\"Concepto a Cancelar:\" data-checkbox=\"false\" data-allow-clear=\"false\" aria-labelledby=\"forminator-form-4503__field--select-3_69fde32cbf443-label\"><option value=\"\"  >Concepto a Cancelar:<\/option><option value=\"one\"  data-calculation=\"0\">Aportes<\/option><option value=\"two\"  data-calculation=\"0\">Cr\u00e9ditos<\/option><option value=\"No-binario\"  data-calculation=\"0\">Aportes y Cr\u00e9ditos<\/option><option value=\"Prefiero-no-responder\"  data-calculation=\"0\">Otro<\/option><\/select><\/div><\/div><\/div><div class=\"forminator-row\"><div id=\"textarea-1\" class=\"forminator-field-textarea forminator-col forminator-col-12 \"><div class=\"forminator-field\"><label for=\"forminator-field-textarea-1_69fde32cbf443\" id=\"forminator-field-textarea-1_69fde32cbf443-label\" class=\"forminator-label\">Observaciones: <span class=\"forminator-required\">*<\/span><\/label><textarea name=\"textarea-1\" placeholder=\"\" id=\"forminator-field-textarea-1_69fde32cbf443\" class=\"forminator-textarea\" rows=\"6\" style=\"--forminator-textarea-min-height:140px;\" ><\/textarea><\/div><\/div><\/div><div class=\"forminator-row\"><div id=\"consent-1\" class=\"forminator-field-consent forminator-col forminator-col-12 \"><div class=\"forminator-field\"><div class=\"forminator-checkbox__wrapper\"><label id=\"forminator-field-consent-1_69fde32cbf443__label\" class=\"forminator-checkbox forminator-consent\"><input type=\"checkbox\" name=\"consent-1\" id=\"forminator-field-consent-1_69fde32cbf443\" value=\"checked\" aria-labelledby=\"forminator-field-consent-1_69fde32cbf443-label\" aria-describedby=\"forminator-field-consent-1_69fde32cbf443__description\" data-required=\"true\" aria-required=\"true\" \/><span class=\"forminator-checkbox-box\" aria-hidden=\"true\"><\/span><\/label><div id=\"forminator-field-consent-1_69fde32cbf443__description\" class=\"forminator-checkbox__label forminator-consent__label\"><p><strong data-end=\"165\" data-start=\"147\">Consentimiento:<\/strong><\/p>\n<p>Al enviar este formulario, confirmo que la informaci\u00f3n y documentos suministrados son ver\u00eddicos y autorizo a COOACEDED para el tratamiento de mis datos personales conforme a la <strong data-end=\"391\" data-start=\"345\">Pol\u00edtica de Protecci\u00f3n de Datos Personales<\/strong>, publicada en la secci\u00f3n <strong data-end=\"440\" data-start=\"417\">Documentos P\u00fablicos<\/strong> de <a data-end=\"462\" data-start=\"444\" rel=\"noopener\" target=\"_new\" href=\"http:\/\/www.cooaceded.coop\" class=\"decorated-link\">www.cooaceded.coop<\/a><\/p>\n<p>Entiendo que el soporte de pago ser\u00e1 validado por el \u00e1rea de Tesorer\u00eda y que solo se aplicar\u00e1 cuando la informaci\u00f3n coincida con los datos registrados en la base de datos de COOACEDED.<\/p><\/div><\/div><\/div><\/div><\/div><input type=\"hidden\" name=\"referer_url\" value=\"\" \/><div class=\"forminator-row forminator-row-last\"><div class=\"forminator-col\"><div class=\"forminator-field\"><button class=\"forminator-button forminator-button-submit\">ENVIAR PAGO<\/button><\/div><\/div><\/div><input type=\"hidden\" id=\"forminator_nonce\" name=\"forminator_nonce\" value=\"6f85b2902a\" \/><input type=\"hidden\" name=\"_wp_http_referer\" value=\"\/wordpress\/wp-json\/wp\/v2\/pages\/4505\" \/><input type=\"hidden\" name=\"form_id\" value=\"4503\"><input type=\"hidden\" name=\"page_id\" value=\"4505\"><input type=\"hidden\" name=\"form_type\" value=\"default\"><input type=\"hidden\" name=\"current_url\" value=\"https:\/\/cooaceded.coop\/wordpress\/carga-de-soportes-de-pago\/\"><input type=\"hidden\" name=\"render_id\" value=\"0\"><input type=\"hidden\" name=\"action\" value=\"forminator_submit_form_custom-forms\"><\/form><\/div>\n\t\t\t\t\t\t<\/div>\n\t\t\t\t<\/div>\n\t\t\t\t\t<\/div>\n\t\t<\/div>\n\t\t\t\t\t<\/div>\n\t\t<\/section>\n\t\t\t\t<\/div>\n\t\t","protected":false},"excerpt":{"rendered":"<p>\u00c1rea de Tesorer\u00eda Carga de Soportes de Pago Este formulario est\u00e1 disponible para que adjuntes de manera f\u00e1cil y segura el comprobante de tu pago.Por favor completa todos los campos requeridos y sube el archivo correspondiente. \ud83d\udccc Recuerda: solo se validar\u00e1n los pagos que est\u00e9n correctamente identificados con el nombre completo, n\u00famero de c\u00e9dula y [&hellip;]<\/p>\n","protected":false},"author":1,"featured_media":0,"parent":0,"menu_order":0,"comment_status":"closed","ping_status":"closed","template":"elementor_header_footer","meta":{"footnotes":""},"class_list":["post-4505","page","type-page","status-publish","hentry"],"_links":{"self":[{"href":"https:\/\/cooaceded.coop\/wordpress\/wp-json\/wp\/v2\/pages\/4505","targetHints":{"allow":["GET"]}}],"collection":[{"href":"https:\/\/cooaceded.coop\/wordpress\/wp-json\/wp\/v2\/pages"}],"about":[{"href":"https:\/\/cooaceded.coop\/wordpress\/wp-json\/wp\/v2\/types\/page"}],"author":[{"embeddable":true,"href":"https:\/\/cooaceded.coop\/wordpress\/wp-json\/wp\/v2\/users\/1"}],"replies":[{"embeddable":true,"href":"https:\/\/cooaceded.coop\/wordpress\/wp-json\/wp\/v2\/comments?post=4505"}],"version-history":[{"count":0,"href":"https:\/\/cooaceded.coop\/wordpress\/wp-json\/wp\/v2\/pages\/4505\/revisions"}],"wp:attachment":[{"href":"https:\/\/cooaceded.coop\/wordpress\/wp-json\/wp\/v2\/media?parent=4505"}],"curies":[{"name":"wp","href":"https:\/\/api.w.org\/{rel}","templated":true}]}}