{"id":4497,"date":"2025-09-23T19:37:52","date_gmt":"2025-09-23T19:37:52","guid":{"rendered":"https:\/\/cooaceded.coop\/wordpress\/?page_id=4497"},"modified":"2025-09-23T19:39:39","modified_gmt":"2025-09-23T19:39:39","slug":"solicitud-de-certificados","status":"publish","type":"page","link":"https:\/\/cooaceded.coop\/wordpress\/solicitud-de-certificados\/","title":{"rendered":"Solicitud de Certificados"},"content":{"rendered":"\t\t<div data-elementor-type=\"wp-page\" data-elementor-id=\"4497\" class=\"elementor elementor-4497\">\n\t\t\t\t\t\t<section class=\"elementor-section elementor-top-section elementor-element elementor-element-8ad2d17 elementor-section-boxed elementor-section-height-default elementor-section-height-default\" data-id=\"8ad2d17\" data-element_type=\"section\" data-e-type=\"section\">\n\t\t\t\t\t\t<div class=\"elementor-container elementor-column-gap-default\">\n\t\t\t\t\t<div class=\"elementor-column elementor-col-100 elementor-top-column elementor-element elementor-element-4d8d3b2\" data-id=\"4d8d3b2\" data-element_type=\"column\" data-e-type=\"column\">\n\t\t\t<div class=\"elementor-widget-wrap elementor-element-populated\">\n\t\t\t\t\t\t<div class=\"elementor-element elementor-element-568606c elementor-widget elementor-widget-go-s-heading\" data-id=\"568606c\" data-element_type=\"widget\" data-e-type=\"widget\" data-widget_type=\"go-s-heading.default\">\n\t\t\t\t<div class=\"elementor-widget-container\">\n\t\t\t\t\t<div class=\"prthalign\">\n            <h6 class=\"kd-subtitle-1 kd-subtitle-ani-1 elementor-kadu-sub\">\n                            <img decoding=\"async\" src=\"https:\/\/cooaceded.coop\/wordpress\/wp-content\/uploads\/2025\/01\/Sesterella1.png\" alt=\"\"> \n              \n            Administraci\u00f3n        <\/h6>\n        <h1 class=\"elementor-gt-heading kd-section-title-1 kd-title-ani kd-split-text\">Solicitud de Certificados COOACEDED<\/h1>        <div class=\"elementor-gt-desc kd-para-1 disc wow\" data-splitting>\n        <p>Bienvenido(a), este formulario est\u00e1 dise\u00f1ado para que realices la <strong>solicitud de tus certificados<\/strong> de manera r\u00e1pida y segura.<br \/>Por favor diligencia todos los campos requeridos y adjunta el <strong>soporte de pago correspondiente<\/strong>.<\/p><p>\ud83d\udccc Recuerda: el certificado ser\u00e1 enviado al <strong>correo electr\u00f3nico registrado en la base de datos de COOACEDED<\/strong>.<\/p>    <\/div>        \n    <\/div>\t\t\t\t<\/div>\n\t\t\t\t<\/div>\n\t\t\t\t<div class=\"elementor-element elementor-element-bbe3138 elementor-widget elementor-widget-shortcode\" data-id=\"bbe3138\" data-element_type=\"widget\" data-e-type=\"widget\" data-widget_type=\"shortcode.default\">\n\t\t\t\t<div class=\"elementor-widget-container\">\n\t\t\t\t\t\t\t<div class=\"elementor-shortcode\"><div class=\"forminator-ui forminator-custom-form forminator-custom-form-4496 forminator-design--bold  forminator_ajax\" data-forminator-render=\"0\" data-form=\"forminator-module-4496\" data-uid=\"69f445a664a48\"><br\/><\/div><form\n\t\t\t\tid=\"forminator-module-4496\"\n\t\t\t\tclass=\"forminator-ui forminator-custom-form forminator-custom-form-4496 forminator-design--bold  forminator_ajax\"\n\t\t\t\tmethod=\"post\"\n\t\t\t\tdata-forminator-render=\"0\"\n\t\t\t\tdata-form-id=\"4496\"\n\t\t\t\t data-color-option=\"theme\" data-design=\"bold\" data-grid=\"open\" style=\"display: none;\"\n\t\t\t\tdata-uid=\"69f445a664a48\"\n\t\t\t><div role=\"alert\" aria-live=\"polite\" class=\"forminator-response-message forminator-error\" aria-hidden=\"true\"><\/div><div class=\"forminator-row\"><div id=\"number-1\" class=\"forminator-field-number forminator-col forminator-col-6 \"><div class=\"forminator-field\"><label for=\"forminator-field-number-1_69f445a664a48\" id=\"forminator-field-number-1_69f445a664a48-label\" class=\"forminator-label\">N\u00famero de Identidad: <span class=\"forminator-required\">*<\/span><\/label><input name=\"number-1\" value=\"\" placeholder=\"I.D\" id=\"forminator-field-number-1_69f445a664a48\" class=\"forminator-input forminator-number--field\" inputmode=\"decimal\" data-required=\"1\" data-decimals=\"0\" aria-required=\"true\" data-inputmask=\"&#039;groupSeparator&#039;: &#039;&#039;, &#039;radixPoint&#039;: &#039;&#039;, &#039;digits&#039;: &#039;0&#039;\" data-hidden-behavior=\"zero\" type=\"number\" step=\"any\" min=\"1\" max=\"99999999999999999\" \/><\/div><\/div><div id=\"name-1\" class=\"forminator-field-name forminator-col forminator-col-6 \"><div class=\"forminator-field\"><label for=\"forminator-field-name-1_69f445a664a48\" id=\"forminator-field-name-1_69f445a664a48-label\" class=\"forminator-label\">Nombres y Apellidos del Solicitante: <span class=\"forminator-required\">*<\/span><\/label><input type=\"text\" name=\"name-1\" value=\"\" placeholder=\"Nombre Completo\" id=\"forminator-field-name-1_69f445a664a48\" class=\"forminator-input forminator-name--field\" aria-required=\"true\" autocomplete=\"name\" \/><\/div><\/div><\/div><div class=\"forminator-row\"><div id=\"email-1\" class=\"forminator-field-email forminator-col forminator-col-6 \"><div class=\"forminator-field\"><label for=\"forminator-field-email-1_69f445a664a48\" id=\"forminator-field-email-1_69f445a664a48-label\" class=\"forminator-label\">Direcci\u00f3n de Correo Electr\u00f3nico: <span class=\"forminator-required\">*<\/span><\/label><input type=\"email\" name=\"email-1\" value=\"\" placeholder=\"Correo\" id=\"forminator-field-email-1_69f445a664a48\" class=\"forminator-input forminator-email--field\" data-required=\"true\" aria-required=\"true\" autocomplete=\"email\" \/><\/div><\/div><div id=\"phone-1\" class=\"forminator-field-phone forminator-col forminator-col-6 \"><div class=\"forminator-field\"><label for=\"forminator-field-phone-1_69f445a664a48\" id=\"forminator-field-phone-1_69f445a664a48-label\" class=\"forminator-label\">N\u00famero de Tel\u00e9fono: <span class=\"forminator-required\">*<\/span><\/label><input type=\"text\" name=\"phone-1\" value=\"\" placeholder=\"Celular\" id=\"forminator-field-phone-1_69f445a664a48\" class=\"forminator-input forminator-field--phone\" data-required=\"1\" aria-required=\"true\" autocomplete=\"off\" \/><\/div><\/div><\/div><div class=\"forminator-row\"><div id=\"select-2\" class=\"forminator-field-select forminator-col forminator-col-12 \"><div class=\"forminator-field\"><label for=\"forminator-form-4496__field--select-2_69f445a664a48\" id=\"forminator-form-4496__field--select-2_69f445a664a48-label\" class=\"forminator-label\">Tipo de Certificado: <span class=\"forminator-required\">*<\/span><\/label><select  id=\"forminator-form-4496__field--select-2_69f445a664a48\" class=\"forminator-select--field forminator-select2 forminator-select2-multiple\" data-required=\"1\" name=\"select-2\" data-default-value=\"\" data-hidden-behavior=\"zero\" data-placeholder=\"Tipo de Certificado:\" data-search=\"false\" data-search-placeholder=\"Tipo de Certificado:\" data-checkbox=\"false\" data-allow-clear=\"false\" aria-labelledby=\"forminator-form-4496__field--select-2_69f445a664a48-label\"><option value=\"\"  >Tipo de Certificado:<\/option><option value=\"one\"  data-calculation=\"0\">Certificado de Deuda<\/option><option value=\"two\"  data-calculation=\"0\">Certificado de Deudas al D\u00eda<\/option><option value=\"No-binario\"  data-calculation=\"0\">Certificado de Paz y Salvo<\/option><option value=\"Prefiero-no-responder\"  data-calculation=\"0\">Certificado de Retirado o Sin aportes<\/option><option value=\"Certificado-Retirado\"  data-calculation=\"0\">Certificado Retirado<\/option><\/select><\/div><\/div><\/div><div class=\"forminator-row\"><div id=\"textarea-1\" class=\"forminator-field-textarea forminator-col forminator-col-12 \"><div class=\"forminator-field\"><label for=\"forminator-field-textarea-1_69f445a664a48\" id=\"forminator-field-textarea-1_69f445a664a48-label\" class=\"forminator-label\">Observaciones:<\/label><textarea name=\"textarea-1\" placeholder=\"\" id=\"forminator-field-textarea-1_69f445a664a48\" class=\"forminator-textarea\" rows=\"6\" style=\"--forminator-textarea-min-height:140px;\" ><\/textarea><\/div><\/div><\/div><div class=\"forminator-row\"><div id=\"consent-1\" class=\"forminator-field-consent forminator-col forminator-col-12 \"><div class=\"forminator-field\"><div class=\"forminator-checkbox__wrapper\"><label id=\"forminator-field-consent-1_69f445a664a48__label\" class=\"forminator-checkbox forminator-consent\"><input type=\"checkbox\" name=\"consent-1\" id=\"forminator-field-consent-1_69f445a664a48\" value=\"checked\" aria-labelledby=\"forminator-field-consent-1_69f445a664a48-label\" aria-describedby=\"forminator-field-consent-1_69f445a664a48__description\" data-required=\"true\" aria-required=\"true\" \/><span class=\"forminator-checkbox-box\" aria-hidden=\"true\"><\/span><\/label><div id=\"forminator-field-consent-1_69f445a664a48__description\" class=\"forminator-checkbox__label forminator-consent__label\"><p><strong data-start=\"129\" data-end=\"154\">Nota y Consentimiento:<\/strong><\/p>\n<p>Al enviar este formulario, confirmo que la informaci\u00f3n registrada es ver\u00eddica y autorizo a COOACEDED para el tratamiento de mis datos personales, conforme a la <strong data-start=\"317\" data-end=\"363\">Pol\u00edtica de Protecci\u00f3n de Datos Personales<\/strong> publicada en la secci\u00f3n <strong data-start=\"388\" data-end=\"411\">Documentos P\u00fablicos<\/strong> de <a data-start=\"415\" data-end=\"433\" rel=\"noopener\" target=\"_new\" href=\"http:\/\/www.cooaceded.coop\" class=\"decorated-link\">www.cooaceded.coop<\/a>.<\/p>\n<p>Entiendo que el certificado ser\u00e1 enviado \u00fanicamente al <strong data-start=\"495\" data-end=\"561\">correo electr\u00f3nico registrado en la base de datos de COOACEDED<\/strong>.<\/p><\/div><\/div><\/div><\/div><\/div><input type=\"hidden\" name=\"referer_url\" value=\"\" \/><div class=\"forminator-row forminator-row-last\"><div class=\"forminator-col\"><div class=\"forminator-field\"><button class=\"forminator-button forminator-button-submit\">ENVIAR SOLICITUD<\/button><\/div><\/div><\/div><input type=\"hidden\" id=\"forminator_nonce\" name=\"forminator_nonce\" value=\"e12a0e65e9\" \/><input type=\"hidden\" name=\"_wp_http_referer\" value=\"\/wordpress\/wp-json\/wp\/v2\/pages\/4497\" \/><input type=\"hidden\" name=\"form_id\" value=\"4496\"><input type=\"hidden\" name=\"page_id\" value=\"4497\"><input type=\"hidden\" name=\"form_type\" value=\"default\"><input type=\"hidden\" name=\"current_url\" value=\"https:\/\/cooaceded.coop\/wordpress\/solicitud-de-certificados\/\"><input type=\"hidden\" name=\"render_id\" value=\"0\"><input type=\"hidden\" name=\"action\" value=\"forminator_submit_form_custom-forms\"><\/form><\/div>\n\t\t\t\t\t\t<\/div>\n\t\t\t\t<\/div>\n\t\t\t\t\t<\/div>\n\t\t<\/div>\n\t\t\t\t\t<\/div>\n\t\t<\/section>\n\t\t\t\t<\/div>\n\t\t","protected":false},"excerpt":{"rendered":"<p>Administraci\u00f3n Solicitud de Certificados COOACEDED Bienvenido(a), este formulario est\u00e1 dise\u00f1ado para que realices la solicitud de tus certificados de manera r\u00e1pida y segura.Por favor diligencia todos los campos requeridos y adjunta el soporte de pago correspondiente. \ud83d\udccc Recuerda: el certificado ser\u00e1 enviado al correo electr\u00f3nico registrado en la base de datos de COOACEDED.<\/p>\n","protected":false},"author":1,"featured_media":0,"parent":0,"menu_order":0,"comment_status":"closed","ping_status":"closed","template":"elementor_header_footer","meta":{"footnotes":""},"class_list":["post-4497","page","type-page","status-publish","hentry"],"_links":{"self":[{"href":"https:\/\/cooaceded.coop\/wordpress\/wp-json\/wp\/v2\/pages\/4497","targetHints":{"allow":["GET"]}}],"collection":[{"href":"https:\/\/cooaceded.coop\/wordpress\/wp-json\/wp\/v2\/pages"}],"about":[{"href":"https:\/\/cooaceded.coop\/wordpress\/wp-json\/wp\/v2\/types\/page"}],"author":[{"embeddable":true,"href":"https:\/\/cooaceded.coop\/wordpress\/wp-json\/wp\/v2\/users\/1"}],"replies":[{"embeddable":true,"href":"https:\/\/cooaceded.coop\/wordpress\/wp-json\/wp\/v2\/comments?post=4497"}],"version-history":[{"count":0,"href":"https:\/\/cooaceded.coop\/wordpress\/wp-json\/wp\/v2\/pages\/4497\/revisions"}],"wp:attachment":[{"href":"https:\/\/cooaceded.coop\/wordpress\/wp-json\/wp\/v2\/media?parent=4497"}],"curies":[{"name":"wp","href":"https:\/\/api.w.org\/{rel}","templated":true}]}}