{"id":3495,"date":"2025-01-21T21:17:08","date_gmt":"2025-01-21T21:17:08","guid":{"rendered":"https:\/\/cooaceded.coop\/wordpress\/?page_id=3495"},"modified":"2025-04-04T21:15:42","modified_gmt":"2025-04-04T21:15:42","slug":"dian","status":"publish","type":"page","link":"https:\/\/cooaceded.coop\/wordpress\/dian\/","title":{"rendered":"DIAN"},"content":{"rendered":"\t\t<div data-elementor-type=\"wp-page\" data-elementor-id=\"3495\" class=\"elementor elementor-3495\">\n\t\t\t\t\t\t<section class=\"elementor-section elementor-top-section elementor-element elementor-element-ae027fb elementor-section-boxed elementor-section-height-default elementor-section-height-default\" data-id=\"ae027fb\" data-element_type=\"section\" data-e-type=\"section\">\n\t\t\t\t\t\t<div class=\"elementor-container elementor-column-gap-default\">\n\t\t\t\t\t<div class=\"elementor-column elementor-col-100 elementor-top-column elementor-element elementor-element-d313c7d\" data-id=\"d313c7d\" data-element_type=\"column\" data-e-type=\"column\">\n\t\t\t<div class=\"elementor-widget-wrap elementor-element-populated\">\n\t\t\t\t\t\t<div class=\"elementor-element elementor-element-798e282 elementor-widget elementor-widget-go-s-heading\" data-id=\"798e282\" data-element_type=\"widget\" data-e-type=\"widget\" data-widget_type=\"go-s-heading.default\">\n\t\t\t\t<div class=\"elementor-widget-container\">\n\t\t\t\t\t<div class=\"prthalign\">\n            <h6 class=\"kd-subtitle-1 kd-subtitle-ani-1 elementor-kadu-sub\">\n                            <img decoding=\"async\" src=\"https:\/\/cooaceded.coop\/wordpress\/wp-content\/uploads\/2025\/01\/Sesterella1.png\" alt=\"\"> \n              \n            Cumplimiento COOAEDED Par\u00e1grafo 4\u00b0 del art\u00edculo 364-5 del Estatuto Tributario        <\/h6>\n        <h1 class=\"elementor-gt-heading kd-section-title-1 kd-title-ani kd-split-text\">DIAN<\/h1>        <div class=\"elementor-gt-desc kd-para-1 disc wow\" data-splitting>\n        <div>Por medio del cual se le da cumplimiento a lo se\u00f1alado en el Par\u00e1grafo 4\u00b0 del art\u00edculo 364-5 del Estatuto Tributario, en el proceso de actualizaci\u00f3n y clasificaci\u00f3n de las entidades sin \u00e1nimo de lucro y del sector cooperativo en el R\u00e9gimen Tributario Especial del a\u00f1o 2020.<\/div>    <\/div>        \n    <\/div>\t\t\t\t<\/div>\n\t\t\t\t<\/div>\n\t\t\t\t<div class=\"elementor-element elementor-element-2fb8ee4 elementor-invisible elementor-widget elementor-widget-go-event-id\" data-id=\"2fb8ee4\" data-element_type=\"widget\" data-e-type=\"widget\" data-settings=\"{&quot;_animation&quot;:&quot;bounceInUp&quot;}\" data-widget_type=\"go-event-id.default\">\n\t\t\t\t<div class=\"elementor-widget-container\">\n\t\t\t\t\t<div class=\"kd-event-5-item-wrap\">\n\n        <div class=\"kd-event-5-item\">\n        <h5 class=\"item-date kd-heading-1 kd-font-900\">\n            01                             <span>Febrero, 2025<\/span>        <\/h5>\n        <div class=\"item-img fix img-cover\">\n            <img decoding=\"async\" src=\"https:\/\/cooaceded.coop\/wordpress\/wp-content\/uploads\/2025\/01\/e5-img-1.jpg\" alt=\"List\">\n        <\/div>\n        <div class=\"item-content\">\n            <h4 class=\"item-title kd-heading-1 kd-font-700\">\n                <a href=\"https:\/\/cooaceded.coop\/wordpress\/wp-content\/uploads\/2025\/04\/MEMORIA-ECONOMICA-F.pdf\" aria-label=\"name\">Memoria Econ\u00f3mica COOACEDED<\/a>\n            <\/h4>\n            <ul class=\"item-info kd-heading-1\">\n                <li>\n                    <i class=\"fa-regular fa-location-dot\"><\/i>\n                                    <\/li>\n                <li>\n                    <i class=\"fa-light fa-clock\"><\/i>\n                                    <\/li>\n            <\/ul>\n                    <\/div>\n                    <div class=\"item-btn-wrap\">\n                <a href=\"https:\/\/cooaceded.coop\/wordpress\/wp-content\/uploads\/2025\/04\/MEMORIA-ECONOMICA-F.pdf\" aria-label=\"name\" class=\"kd-pr-btn-1 item-btn text-capitalize \">\n                    <span class=\"text\" data-back=\"DESCARGA\" data-front=\"DESCARGA\"><\/span>\n                    <span class=\"icon\">\n                        <i class=\"fa-solid fa-arrow-right\"><\/i>\n                    <\/span>\n                <\/a>\n            <\/div>\n            <\/div>\n        <div class=\"kd-event-5-item\">\n        <h5 class=\"item-date kd-heading-1 kd-font-900\">\n            01                             <span>Febrero, 2025<\/span>        <\/h5>\n        <div class=\"item-img fix img-cover\">\n            <img decoding=\"async\" src=\"https:\/\/cooaceded.coop\/wordpress\/wp-content\/uploads\/2025\/01\/e5-img-2.jpg\" alt=\"List\">\n        <\/div>\n        <div class=\"item-content\">\n            <h4 class=\"item-title kd-heading-1 kd-font-700\">\n                <a href=\"https:\/\/cooaceded.coop\/wordpress\/wp-content\/uploads\/2025\/04\/Informe-de-Gestion-ano-2024.pdf\" aria-label=\"name\">Informe Gesti\u00f3n 2024<\/a>\n            <\/h4>\n            <ul class=\"item-info kd-heading-1\">\n                <li>\n                    <i class=\"fa-regular fa-location-dot\"><\/i>\n                                    <\/li>\n                <li>\n                    <i class=\"fa-light fa-clock\"><\/i>\n                                    <\/li>\n            <\/ul>\n                    <\/div>\n                    <div class=\"item-btn-wrap\">\n                <a href=\"https:\/\/cooaceded.coop\/wordpress\/wp-content\/uploads\/2025\/04\/Informe-de-Gestion-ano-2024.pdf\" aria-label=\"name\" class=\"kd-pr-btn-1 item-btn text-capitalize \">\n                    <span class=\"text\" data-back=\"DESCARGA\" data-front=\"DESCARGA\"><\/span>\n                    <span class=\"icon\">\n                        <i class=\"fa-solid fa-arrow-right\"><\/i>\n                    <\/span>\n                <\/a>\n            <\/div>\n            <\/div>\n        <div class=\"kd-event-5-item\">\n        <h5 class=\"item-date kd-heading-1 kd-font-900\">\n            01                             <span>Febrero, 2025<\/span>        <\/h5>\n        <div class=\"item-img fix img-cover\">\n            <img decoding=\"async\" src=\"https:\/\/cooaceded.coop\/wordpress\/wp-content\/uploads\/2025\/01\/e5-img-15.jpg\" alt=\"List\">\n        <\/div>\n        <div class=\"item-content\">\n            <h4 class=\"item-title kd-heading-1 kd-font-700\">\n                <a href=\"https:\/\/cooaceded.coop\/wordpress\/wp-content\/uploads\/2025\/04\/Estados-financieros-ano-2024.pdf\" aria-label=\"name\">Estados Financieros 2024<\/a>\n            <\/h4>\n            <ul class=\"item-info kd-heading-1\">\n                <li>\n                    <i class=\"fa-regular fa-location-dot\"><\/i>\n                                    <\/li>\n                <li>\n                    <i class=\"fa-light fa-clock\"><\/i>\n                                    <\/li>\n            <\/ul>\n                    <\/div>\n                    <div class=\"item-btn-wrap\">\n                <a href=\"https:\/\/cooaceded.coop\/wordpress\/wp-content\/uploads\/2025\/04\/Estados-financieros-ano-2024.pdf\" aria-label=\"name\" class=\"kd-pr-btn-1 item-btn text-capitalize \">\n                    <span class=\"text\" data-back=\"DESCARGA\" data-front=\"DESCARGA\"><\/span>\n                    <span class=\"icon\">\n                        <i class=\"fa-solid fa-arrow-right\"><\/i>\n                    <\/span>\n                <\/a>\n            <\/div>\n            <\/div>\n        <div class=\"kd-event-5-item\">\n        <h5 class=\"item-date kd-heading-1 kd-font-900\">\n            01                             <span>Febrero, 2025<\/span>        <\/h5>\n        <div class=\"item-img fix img-cover\">\n            <img decoding=\"async\" src=\"https:\/\/cooaceded.coop\/wordpress\/wp-content\/uploads\/2025\/01\/e5-img-17.jpg\" alt=\"List\">\n        <\/div>\n        <div class=\"item-content\">\n            <h4 class=\"item-title kd-heading-1 kd-font-700\">\n                <a href=\"https:\/\/cooaceded.coop\/wordpress\/wp-content\/uploads\/2025\/04\/Certificacion-Permanencia-Regimen-Tributario-Especial-F.pdf\" aria-label=\"name\">Certificaci\u00f3n Permanencia R\u00e9gimen Tributario Especial<\/a>\n            <\/h4>\n            <ul class=\"item-info kd-heading-1\">\n                <li>\n                    <i class=\"fa-regular fa-location-dot\"><\/i>\n                                    <\/li>\n                <li>\n                    <i class=\"fa-light fa-clock\"><\/i>\n                                    <\/li>\n            <\/ul>\n                    <\/div>\n                    <div class=\"item-btn-wrap\">\n                <a href=\"https:\/\/cooaceded.coop\/wordpress\/wp-content\/uploads\/2025\/04\/Certificacion-Permanencia-Regimen-Tributario-Especial-F.pdf\" aria-label=\"name\" class=\"kd-pr-btn-1 item-btn text-capitalize \">\n                    <span class=\"text\" data-back=\"DESCARGA\" data-front=\"DESCARGA\"><\/span>\n                    <span class=\"icon\">\n                        <i class=\"fa-solid fa-arrow-right\"><\/i>\n                    <\/span>\n                <\/a>\n            <\/div>\n            <\/div>\n        <div class=\"kd-event-5-item\">\n        <h5 class=\"item-date kd-heading-1 kd-font-900\">\n            01                             <span>Febrero, 2025<\/span>        <\/h5>\n        <div class=\"item-img fix img-cover\">\n            <img decoding=\"async\" src=\"https:\/\/cooaceded.coop\/wordpress\/wp-content\/uploads\/2025\/01\/e5-img-41.jpg\" alt=\"List\">\n        <\/div>\n        <div class=\"item-content\">\n            <h4 class=\"item-title kd-heading-1 kd-font-700\">\n                <a href=\"https:\/\/cooaceded.coop\/wordpress\/wp-content\/uploads\/2025\/04\/Miembros-de-cargos-directivos-y-gerencial.pdf\" aria-label=\"name\">Certificaci\u00f3n, Erogaciones Gerencia, <br> Erogaciones Junta de Vigilancia<\/a>\n            <\/h4>\n            <ul class=\"item-info kd-heading-1\">\n                <li>\n                    <i class=\"fa-regular fa-location-dot\"><\/i>\n                                    <\/li>\n                <li>\n                    <i class=\"fa-light fa-clock\"><\/i>\n                                    <\/li>\n            <\/ul>\n                    <\/div>\n                    <div class=\"item-btn-wrap\">\n                <a href=\"https:\/\/cooaceded.coop\/wordpress\/wp-content\/uploads\/2025\/04\/Miembros-de-cargos-directivos-y-gerencial.pdf\" aria-label=\"name\" class=\"kd-pr-btn-1 item-btn text-capitalize \">\n                    <span class=\"text\" data-back=\"DESCARGA\" data-front=\"DESCARGA\"><\/span>\n                    <span class=\"icon\">\n                        <i class=\"fa-solid fa-arrow-right\"><\/i>\n                    <\/span>\n                <\/a>\n            <\/div>\n            <\/div>\n        <div class=\"kd-event-5-item\">\n        <h5 class=\"item-date kd-heading-1 kd-font-900\">\n            01                             <span>Febrero, 2025<\/span>        <\/h5>\n        <div class=\"item-img fix img-cover\">\n            <img decoding=\"async\" src=\"https:\/\/cooaceded.coop\/wordpress\/wp-content\/uploads\/2025\/01\/e5-img-61.jpg\" alt=\"List\">\n        <\/div>\n        <div class=\"item-content\">\n            <h4 class=\"item-title kd-heading-1 kd-font-700\">\n                <a href=\"https:\/\/cooaceded.coop\/wordpress\/wp-content\/uploads\/2025\/04\/Miembro-de-junta-Directiva-Fundadores-Representante-legales-o-Miembros-de-los-Organos-de-Direccion.pdf\" aria-label=\"name\">Certificaci\u00f3n, Antecedentes Disciplinarios<\/a>\n            <\/h4>\n            <ul class=\"item-info kd-heading-1\">\n                <li>\n                    <i class=\"fa-regular fa-location-dot\"><\/i>\n                                    <\/li>\n                <li>\n                    <i class=\"fa-light fa-clock\"><\/i>\n                                    <\/li>\n            <\/ul>\n                    <\/div>\n                    <div class=\"item-btn-wrap\">\n                <a href=\"https:\/\/cooaceded.coop\/wordpress\/wp-content\/uploads\/2025\/04\/Miembro-de-junta-Directiva-Fundadores-Representante-legales-o-Miembros-de-los-Organos-de-Direccion.pdf\" aria-label=\"name\" class=\"kd-pr-btn-1 item-btn text-capitalize \">\n                    <span class=\"text\" data-back=\"DESCARGA\" data-front=\"DESCARGA\"><\/span>\n                    <span class=\"icon\">\n                        <i class=\"fa-solid fa-arrow-right\"><\/i>\n                    <\/span>\n                <\/a>\n            <\/div>\n            <\/div>\n        <div class=\"kd-event-5-item\">\n        <h5 class=\"item-date kd-heading-1 kd-font-900\">\n            01                             <span>Febrero, 2025<\/span>        <\/h5>\n        <div class=\"item-img fix img-cover\">\n            <img decoding=\"async\" src=\"https:\/\/cooaceded.coop\/wordpress\/wp-content\/uploads\/2025\/01\/e5-img-13-1.jpg\" alt=\"List\">\n        <\/div>\n        <div class=\"item-content\">\n            <h4 class=\"item-title kd-heading-1 kd-font-700\">\n                <a href=\"https:\/\/cooaceded.coop\/wordpress\/wp-content\/uploads\/2025\/04\/ACTA-N-201-EXTRACTO.pdf\" aria-label=\"name\">Acta Aprobaci\u00f3n Distribuci\u00f3n Excedentes<\/a>\n            <\/h4>\n            <ul class=\"item-info kd-heading-1\">\n                <li>\n                    <i class=\"fa-regular fa-location-dot\"><\/i>\n                                    <\/li>\n                <li>\n                    <i class=\"fa-light fa-clock\"><\/i>\n                                    <\/li>\n            <\/ul>\n                    <\/div>\n                    <div class=\"item-btn-wrap\">\n                <a href=\"https:\/\/cooaceded.coop\/wordpress\/wp-content\/uploads\/2025\/04\/ACTA-N-201-EXTRACTO.pdf\" aria-label=\"name\" class=\"kd-pr-btn-1 item-btn text-capitalize \">\n                    <span class=\"text\" data-back=\"DESCARGA\" data-front=\"DESCARGA\"><\/span>\n                    <span class=\"icon\">\n                        <i class=\"fa-solid fa-arrow-right\"><\/i>\n                    <\/span>\n                <\/a>\n            <\/div>\n            <\/div>\n    <\/div>\t\t\t\t<\/div>\n\t\t\t\t<\/div>\n\t\t\t\t\t<\/div>\n\t\t<\/div>\n\t\t\t\t\t<\/div>\n\t\t<\/section>\n\t\t\t\t<\/div>\n\t\t","protected":false},"excerpt":{"rendered":"<p>Cumplimiento COOAEDED Par\u00e1grafo 4\u00b0 del art\u00edculo 364-5 del Estatuto Tributario DIAN Por medio del cual se le da cumplimiento a lo se\u00f1alado en el Par\u00e1grafo 4\u00b0 del art\u00edculo 364-5 del Estatuto Tributario, en el proceso de actualizaci\u00f3n y clasificaci\u00f3n de las entidades sin \u00e1nimo de lucro y del sector cooperativo en el R\u00e9gimen Tributario Especial [&hellip;]<\/p>\n","protected":false},"author":1,"featured_media":0,"parent":0,"menu_order":0,"comment_status":"closed","ping_status":"closed","template":"elementor_header_footer","meta":{"footnotes":""},"class_list":["post-3495","page","type-page","status-publish","hentry"],"_links":{"self":[{"href":"https:\/\/cooaceded.coop\/wordpress\/wp-json\/wp\/v2\/pages\/3495","targetHints":{"allow":["GET"]}}],"collection":[{"href":"https:\/\/cooaceded.coop\/wordpress\/wp-json\/wp\/v2\/pages"}],"about":[{"href":"https:\/\/cooaceded.coop\/wordpress\/wp-json\/wp\/v2\/types\/page"}],"author":[{"embeddable":true,"href":"https:\/\/cooaceded.coop\/wordpress\/wp-json\/wp\/v2\/users\/1"}],"replies":[{"embeddable":true,"href":"https:\/\/cooaceded.coop\/wordpress\/wp-json\/wp\/v2\/comments?post=3495"}],"version-history":[{"count":0,"href":"https:\/\/cooaceded.coop\/wordpress\/wp-json\/wp\/v2\/pages\/3495\/revisions"}],"wp:attachment":[{"href":"https:\/\/cooaceded.coop\/wordpress\/wp-json\/wp\/v2\/media?parent=3495"}],"curies":[{"name":"wp","href":"https:\/\/api.w.org\/{rel}","templated":true}]}}