{"id":3462,"date":"2025-01-21T16:19:53","date_gmt":"2025-01-21T16:19:53","guid":{"rendered":"https:\/\/cooaceded.coop\/wordpress\/?page_id=3462"},"modified":"2025-05-16T15:00:28","modified_gmt":"2025-05-16T15:00:28","slug":"social-y-cultural","status":"publish","type":"page","link":"https:\/\/cooaceded.coop\/wordpress\/social-y-cultural\/","title":{"rendered":"Social y Cultural"},"content":{"rendered":"\t\t<div data-elementor-type=\"wp-page\" data-elementor-id=\"3462\" class=\"elementor elementor-3462\">\n\t\t\t\t\t\t<section class=\"elementor-section elementor-top-section elementor-element elementor-element-9388c0e elementor-section-boxed elementor-section-height-default elementor-section-height-default\" data-id=\"9388c0e\" data-element_type=\"section\" data-e-type=\"section\">\n\t\t\t\t\t\t<div class=\"elementor-container elementor-column-gap-default\">\n\t\t\t\t\t<div class=\"elementor-column elementor-col-100 elementor-top-column elementor-element elementor-element-f323c05\" data-id=\"f323c05\" data-element_type=\"column\" data-e-type=\"column\">\n\t\t\t<div class=\"elementor-widget-wrap elementor-element-populated\">\n\t\t\t\t\t\t<div class=\"elementor-element elementor-element-ab911c2 elementor-widget elementor-widget-go-s-heading\" data-id=\"ab911c2\" data-element_type=\"widget\" data-e-type=\"widget\" data-widget_type=\"go-s-heading.default\">\n\t\t\t\t<div class=\"elementor-widget-container\">\n\t\t\t\t\t<div class=\"prthalign\">\n            <h6 class=\"kd-subtitle-1 kd-subtitle-ani-1 elementor-kadu-sub\">\n                            <img decoding=\"async\" src=\"https:\/\/cooaceded.coop\/wordpress\/wp-content\/uploads\/2025\/01\/Sesterella1.png\" alt=\"\"> \n              \n            Comit\u00e9 Especial        <\/h6>\n        <h1 class=\"elementor-gt-heading kd-section-title-1 kd-title-ani kd-split-text\">Social y Cultural<\/h1>        <div class=\"elementor-gt-desc kd-para-1 disc wow\" data-splitting>\n        <div><div><div><div><div><div><div><div><div><div>El Consejo de Administraci\u00f3n a trav\u00e9s del\u00a0 Comit\u00e9 Especial Social y Cultural, dise\u00f1a Plan de Actividades el cual reviste gran importancia\u00a0 porque permite dar cumplimiento a los requerimientos\u00a0 tanto legales como estatutarios y\u00a0 reglamentarios que rigen a nuestra Empresa de Econom\u00eda Solidaria, para poder brindar\u00a0 a nuestros Asociados, Empleados y familiares de \u00e9stos, espacios de integraci\u00f3n e intercambios de experiencias solidarias a trav\u00e9s de manifestaciones y expresiones art\u00edsticas, sociales, culturales y tur\u00edsticas, desarrollando actividades tales como: Caminatas (ecol\u00f3gicas; saludables, acuaterapias, trabajos aer\u00f3bicos, ejercicios dirigidos), organizaci\u00f3n de actividades recreativas \u2013 educativas para hijos y nietos de Asociados, fortalecimientos de los grupos de danzas, exaltaci\u00f3n de fechas especiales (d\u00eda de la mujer, de la secretaria, del trabajo, de la madre, del maestro, de amor y amistad y de fechas de la cooperativa y del sector solidario) creaci\u00f3n y fortalecimiento de grupos Scouts, Musicales, clubes caminantes, y Asociado Triunfador, que permiten desarrollar la pol\u00edtica trazada oportunamente por el Consejo de Administraci\u00f3n a trav\u00e9s del Comit\u00e9 Especial Social y Cultural en el aspecto social\u00a0 de nuestra Empresa de Econom\u00eda Solidaria.\u00a0<\/div><\/div><\/div><\/div><\/div><\/div><\/div><\/div><\/div><\/div>    <\/div>        \n    <\/div>\t\t\t\t<\/div>\n\t\t\t\t<\/div>\n\t\t\t\t<div class=\"elementor-element elementor-element-b6a6f7b elementor-widget elementor-widget-image\" data-id=\"b6a6f7b\" data-element_type=\"widget\" data-e-type=\"widget\" data-widget_type=\"image.default\">\n\t\t\t\t<div class=\"elementor-widget-container\">\n\t\t\t\t\t\t\t\t\t\t\t\t\t\t\t<img fetchpriority=\"high\" decoding=\"async\" width=\"1254\" height=\"518\" src=\"https:\/\/cooaceded.coop\/wordpress\/wp-content\/uploads\/2025\/01\/Socultural-1.jpg\" class=\"attachment-full size-full wp-image-3466\" alt=\"\" srcset=\"https:\/\/cooaceded.coop\/wordpress\/wp-content\/uploads\/2025\/01\/Socultural-1.jpg 1254w, https:\/\/cooaceded.coop\/wordpress\/wp-content\/uploads\/2025\/01\/Socultural-1-300x124.jpg 300w, https:\/\/cooaceded.coop\/wordpress\/wp-content\/uploads\/2025\/01\/Socultural-1-1024x423.jpg 1024w, https:\/\/cooaceded.coop\/wordpress\/wp-content\/uploads\/2025\/01\/Socultural-1-768x317.jpg 768w\" sizes=\"(max-width: 1254px) 100vw, 1254px\" \/>\t\t\t\t\t\t\t\t\t\t\t\t\t\t\t<\/div>\n\t\t\t\t<\/div>\n\t\t\t\t\t<\/div>\n\t\t<\/div>\n\t\t\t\t\t<\/div>\n\t\t<\/section>\n\t\t\t\t<section class=\"elementor-section elementor-top-section elementor-element elementor-element-8002044 elementor-section-boxed elementor-section-height-default elementor-section-height-default\" data-id=\"8002044\" data-element_type=\"section\" data-e-type=\"section\">\n\t\t\t\t\t\t<div class=\"elementor-container elementor-column-gap-default\">\n\t\t\t\t\t<div class=\"elementor-column elementor-col-66 elementor-top-column elementor-element elementor-element-44d2cb4\" data-id=\"44d2cb4\" data-element_type=\"column\" data-e-type=\"column\" data-settings=\"{&quot;animation&quot;:&quot;none&quot;}\">\n\t\t\t<div class=\"elementor-widget-wrap elementor-element-populated\">\n\t\t\t\t\t\t<div class=\"elementor-element elementor-element-7e8478f elementor-icon-list--layout-traditional elementor-list-item-link-full_width elementor-invisible elementor-widget elementor-widget-icon-list\" data-id=\"7e8478f\" data-element_type=\"widget\" data-e-type=\"widget\" data-settings=\"{&quot;_animation&quot;:&quot;zoomIn&quot;}\" data-widget_type=\"icon-list.default\">\n\t\t\t\t<div class=\"elementor-widget-container\">\n\t\t\t\t\t\t\t<ul class=\"elementor-icon-list-items\">\n\t\t\t\t\t\t\t<li class=\"elementor-icon-list-item\">\n\t\t\t\t\t\t\t\t\t\t\t<span class=\"elementor-icon-list-icon\">\n\t\t\t\t\t\t\t<i aria-hidden=\"true\" class=\"fas fa-check-circle\"><\/i>\t\t\t\t\t\t<\/span>\n\t\t\t\t\t\t\t\t\t\t<span class=\"elementor-icon-list-text\">Fomentar las actividades sociales, culturales y tur\u00edsticas al interior de la Cooperativa.<\/span>\n\t\t\t\t\t\t\t\t\t<\/li>\n\t\t\t\t\t\t\t\t<li class=\"elementor-icon-list-item\">\n\t\t\t\t\t\t\t\t\t\t\t<span class=\"elementor-icon-list-icon\">\n\t\t\t\t\t\t\t<i aria-hidden=\"true\" class=\"fas fa-check-circle\"><\/i>\t\t\t\t\t\t<\/span>\n\t\t\t\t\t\t\t\t\t\t<span class=\"elementor-icon-list-text\">Brindar diversi\u00f3n sana, f\u00edsica y mental a los Asociados H\u00e1biles, empleados, Administrativos y familiares de \u00e9stos, mediante la participaci\u00f3n en cada evento que realice el Comit\u00e9 Especial Social y Cultural, como pol\u00edtica Social, Cultural y tur\u00edstica de la Cooperativa.<\/span>\n\t\t\t\t\t\t\t\t\t<\/li>\n\t\t\t\t\t\t\t\t<li class=\"elementor-icon-list-item\">\n\t\t\t\t\t\t\t\t\t\t\t<span class=\"elementor-icon-list-icon\">\n\t\t\t\t\t\t\t<i aria-hidden=\"true\" class=\"fas fa-check-circle\"><\/i>\t\t\t\t\t\t<\/span>\n\t\t\t\t\t\t\t\t\t\t<span class=\"elementor-icon-list-text\">Participar en eventos Sociales, Culturales, Musicales, Art\u00edsticos o tur\u00edsticos, folcl\u00f3ricos, Reinados, Festivales, Ferias programados por Entidades del Sector Solidario, p\u00fablico o Privado u Organismos no Gubernamentales y\/o organizar \u00e9stos al interior de la Cooperativa o del Sector.<\/span>\n\t\t\t\t\t\t\t\t\t<\/li>\n\t\t\t\t\t\t\t\t<li class=\"elementor-icon-list-item\">\n\t\t\t\t\t\t\t\t\t\t\t<span class=\"elementor-icon-list-icon\">\n\t\t\t\t\t\t\t<i aria-hidden=\"true\" class=\"fas fa-check-circle\"><\/i>\t\t\t\t\t\t<\/span>\n\t\t\t\t\t\t\t\t\t\t<span class=\"elementor-icon-list-text\">Recaudar recursos financieros mediante la b\u00fasqueda de patrocinios para la pr\u00e1ctica de las actividades sociales, culturales o musicales.<\/span>\n\t\t\t\t\t\t\t\t\t<\/li>\n\t\t\t\t\t\t\t\t<li class=\"elementor-icon-list-item\">\n\t\t\t\t\t\t\t\t\t\t\t<span class=\"elementor-icon-list-icon\">\n\t\t\t\t\t\t\t<i aria-hidden=\"true\" class=\"fas fa-check-circle\"><\/i>\t\t\t\t\t\t<\/span>\n\t\t\t\t\t\t\t\t\t\t<span class=\"elementor-icon-list-text\">Fortalecer la realizaci\u00f3n de los Juegos Internos, Festivales, Recreativos y Deportivos y el Inter-Agencias, en com\u00fan acuerdo con el Comit\u00e9 Especial de Deporte y Recreaci\u00f3n, para la programaci\u00f3n Social y cultural, y la uni\u00f3n de integraci\u00f3n entre Asociados h\u00e1biles, Directivos, Empleados y Familiares de \u00e9stos.<\/span>\n\t\t\t\t\t\t\t\t\t<\/li>\n\t\t\t\t\t\t\t\t<li class=\"elementor-icon-list-item\">\n\t\t\t\t\t\t\t\t\t\t\t<span class=\"elementor-icon-list-icon\">\n\t\t\t\t\t\t\t<i aria-hidden=\"true\" class=\"fas fa-check-circle\"><\/i>\t\t\t\t\t\t<\/span>\n\t\t\t\t\t\t\t\t\t\t<span class=\"elementor-icon-list-text\">Realizar Jornadas Culturales o Tur\u00edsticas fomentando la ocupaci\u00f3n creativa del tiempo libre entre Asociados H\u00e1biles, empleados, Administrativos, directivos y familiares de \u00e9stos.<\/span>\n\t\t\t\t\t\t\t\t\t<\/li>\n\t\t\t\t\t\t\t\t<li class=\"elementor-icon-list-item\">\n\t\t\t\t\t\t\t\t\t\t\t<span class=\"elementor-icon-list-icon\">\n\t\t\t\t\t\t\t<i aria-hidden=\"true\" class=\"fas fa-check-circle\"><\/i>\t\t\t\t\t\t<\/span>\n\t\t\t\t\t\t\t\t\t\t<span class=\"elementor-icon-list-text\">Propiciar, organizar, promover e implementar grupos sociales, art\u00edsticos, tur\u00edsticos en sus diversas expresiones como teatro, pintura, escultura, danza, m\u00fasica, poes\u00eda, cuenteros, grupos de Scouts Juveniles, adultos entre los Asociados H\u00e1biles, Directivos, Empleados y familiares de \u00e9stos.<\/span>\n\t\t\t\t\t\t\t\t\t<\/li>\n\t\t\t\t\t\t\t\t<li class=\"elementor-icon-list-item\">\n\t\t\t\t\t\t\t\t\t\t\t<span class=\"elementor-icon-list-icon\">\n\t\t\t\t\t\t\t<i aria-hidden=\"true\" class=\"fas fa-check-circle\"><\/i>\t\t\t\t\t\t<\/span>\n\t\t\t\t\t\t\t\t\t\t<span class=\"elementor-icon-list-text\">Propender por la integraci\u00f3n Social, Cultural, Art\u00edstica, Folcl\u00f3rica, Musical y Tur\u00edstica al interior de la Cooperativa y en el Sector Solidario, con las entidades del Sector, Oficiales y Privadas u organismos no Gubernamentales, cuyo objeto sea el desarrollo, promoci\u00f3n y defensa de la cultura y propender por mantener relaciones fluidas con las mismas.<\/span>\n\t\t\t\t\t\t\t\t\t<\/li>\n\t\t\t\t\t\t\t\t<li class=\"elementor-icon-list-item\">\n\t\t\t\t\t\t\t\t\t\t\t<span class=\"elementor-icon-list-icon\">\n\t\t\t\t\t\t\t<i aria-hidden=\"true\" class=\"fas fa-check-circle\"><\/i>\t\t\t\t\t\t<\/span>\n\t\t\t\t\t\t\t\t\t\t<span class=\"elementor-icon-list-text\">Estimular la sana competencia y crear lazos de amistad y fraternidad entre Asociados, Empleados, Administradores, Directivos y Familiares de \u00e9stos a trav\u00e9s de la Cultura y el Turismo.<\/span>\n\t\t\t\t\t\t\t\t\t<\/li>\n\t\t\t\t\t\t\t\t<li class=\"elementor-icon-list-item\">\n\t\t\t\t\t\t\t\t\t\t\t<span class=\"elementor-icon-list-icon\">\n\t\t\t\t\t\t\t<i aria-hidden=\"true\" class=\"fas fa-check-circle\"><\/i>\t\t\t\t\t\t<\/span>\n\t\t\t\t\t\t\t\t\t\t<span class=\"elementor-icon-list-text\">Fomentar la cultura en todas sus expresiones y el turismo como canales de comunicaci\u00f3n entre Asociados, empleados, directivos y familiares de \u00e9stos.<\/span>\n\t\t\t\t\t\t\t\t\t<\/li>\n\t\t\t\t\t\t\t\t<li class=\"elementor-icon-list-item\">\n\t\t\t\t\t\t\t\t\t\t\t<span class=\"elementor-icon-list-icon\">\n\t\t\t\t\t\t\t<i aria-hidden=\"true\" class=\"fas fa-check-circle\"><\/i>\t\t\t\t\t\t<\/span>\n\t\t\t\t\t\t\t\t\t\t<span class=\"elementor-icon-list-text\">Mejorar las relaciones informales entre Asociados, Empleados, Directivos y sus Familiares mediante acciones sociales y culturales.<\/span>\n\t\t\t\t\t\t\t\t\t<\/li>\n\t\t\t\t\t\t\t\t<li class=\"elementor-icon-list-item\">\n\t\t\t\t\t\t\t\t\t\t\t<span class=\"elementor-icon-list-icon\">\n\t\t\t\t\t\t\t<i aria-hidden=\"true\" class=\"fas fa-check-circle\"><\/i>\t\t\t\t\t\t<\/span>\n\t\t\t\t\t\t\t\t\t\t<span class=\"elementor-icon-list-text\">Lograr mayor participaci\u00f3n y confianza entre los diferentes niveles de la Cooperativa, para hacer posible una real cohesi\u00f3n social.<\/span>\n\t\t\t\t\t\t\t\t\t<\/li>\n\t\t\t\t\t\t\t\t<li class=\"elementor-icon-list-item\">\n\t\t\t\t\t\t\t\t\t\t\t<span class=\"elementor-icon-list-icon\">\n\t\t\t\t\t\t\t<i aria-hidden=\"true\" class=\"fas fa-check-circle\"><\/i>\t\t\t\t\t\t<\/span>\n\t\t\t\t\t\t\t\t\t\t<span class=\"elementor-icon-list-text\">Asegurar el buen nivel de ocupaci\u00f3n en el Centro de Capacitaci\u00f3n y Recreaci\u00f3n de la Cooperativa y mejorar el auto sostenimiento, mediante la programaci\u00f3n de actividades o eventos sociales, culturales o art\u00edsticos.<\/span>\n\t\t\t\t\t\t\t\t\t<\/li>\n\t\t\t\t\t\t\t\t<li class=\"elementor-icon-list-item\">\n\t\t\t\t\t\t\t\t\t\t\t<span class=\"elementor-icon-list-icon\">\n\t\t\t\t\t\t\t<i aria-hidden=\"true\" class=\"fas fa-check-circle\"><\/i>\t\t\t\t\t\t<\/span>\n\t\t\t\t\t\t\t\t\t\t<span class=\"elementor-icon-list-text\">Los dem\u00e1s que el consejo de Administraci\u00f3n estime conveniente.<\/span>\n\t\t\t\t\t\t\t\t\t<\/li>\n\t\t\t\t\t\t<\/ul>\n\t\t\t\t\t\t<\/div>\n\t\t\t\t<\/div>\n\t\t\t\t\t<\/div>\n\t\t<\/div>\n\t\t\t\t<div class=\"elementor-column elementor-col-33 elementor-top-column elementor-element elementor-element-161f7cc\" data-id=\"161f7cc\" data-element_type=\"column\" data-e-type=\"column\">\n\t\t\t<div class=\"elementor-widget-wrap elementor-element-populated\">\n\t\t\t\t\t\t<div class=\"elementor-element elementor-element-a472287 elementor-invisible elementor-widget elementor-widget-go-event-info-item\" data-id=\"a472287\" data-element_type=\"widget\" data-e-type=\"widget\" data-settings=\"{&quot;_animation&quot;:&quot;tada&quot;}\" data-widget_type=\"go-event-info-item.default\">\n\t\t\t\t<div class=\"elementor-widget-container\">\n\t\t\t\t\t        <div class=\"event-details-content\">\n            <div class=\"content-sidebar\">\n                                    <h4 class=\"sidebar-title\">Cont\u00e1ctanos:<\/h4>\n                                <ul class=\"content-sidebar-list\">\n                                            <li>    \n                            <span>\n                                <i aria-hidden=\"true\" class=\"fas fa-phone-alt\"><\/i>                                Tel\u00e9fono                            <\/span>\n                            605 6424120 ext 2024 - 2025                        <\/li>\n                                            <li>    \n                            <span>\n                                <i aria-hidden=\"true\" class=\"fas fa-mail-bulk\"><\/i>                                Correo                            <\/span>\n                            CSOCIAL@COOACEDED.COOP                        <\/li>\n                                            <li>    \n                            <span>\n                                <i aria-hidden=\"true\" class=\"far fa-clock\"><\/i>                                Horario de Apertura                            <\/span>\n                            02:00 PM                        <\/li>\n                                            <li>    \n                            <span>\n                                <i aria-hidden=\"true\" class=\"far fa-clock\"><\/i>                                Hora de Cierre                            <\/span>\n                            05:00 PM                        <\/li>\n                                            <li>    \n                            <span>\n                                <i aria-hidden=\"true\" class=\"flaticon flaticon-maps-and-flags\"><\/i>                                Oficina                            <\/span>\n                            Cartagena - Santa Lucia                        <\/li>\n                                    <\/ul>\n                                            <\/div>\n        <\/div>\n    \t\t\t\t<\/div>\n\t\t\t\t<\/div>\n\t\t\t\t<div class=\"elementor-element elementor-element-d8eac3d elementor-icon-list--layout-traditional elementor-list-item-link-full_width elementor-invisible elementor-widget elementor-widget-icon-list\" data-id=\"d8eac3d\" data-element_type=\"widget\" data-e-type=\"widget\" data-settings=\"{&quot;_animation&quot;:&quot;zoomIn&quot;}\" data-widget_type=\"icon-list.default\">\n\t\t\t\t<div class=\"elementor-widget-container\">\n\t\t\t\t\t\t\t<ul class=\"elementor-icon-list-items\">\n\t\t\t\t\t\t\t<li class=\"elementor-icon-list-item\">\n\t\t\t\t\t\t\t\t\t\t\t<span class=\"elementor-icon-list-icon\">\n\t\t\t\t\t\t\t<i aria-hidden=\"true\" class=\"fas fa-check-circle\"><\/i>\t\t\t\t\t\t<\/span>\n\t\t\t\t\t\t\t\t\t\t<span class=\"elementor-icon-list-text\">Divulgar el nombre de la Cooperativa a trav\u00e9s de patrocinios.<\/span>\n\t\t\t\t\t\t\t\t\t<\/li>\n\t\t\t\t\t\t\t\t<li class=\"elementor-icon-list-item\">\n\t\t\t\t\t\t\t\t\t\t\t<span class=\"elementor-icon-list-icon\">\n\t\t\t\t\t\t\t<i aria-hidden=\"true\" class=\"fas fa-check-circle\"><\/i>\t\t\t\t\t\t<\/span>\n\t\t\t\t\t\t\t\t\t\t<span class=\"elementor-icon-list-text\">Contribuir al esparcimiento, la alegr\u00eda y a la salud mental de la familia COOACEDED, a trav\u00e9s de la pr\u00e1ctica de actividades sociales, culturales y tur\u00edsticas.<\/span>\n\t\t\t\t\t\t\t\t\t<\/li>\n\t\t\t\t\t\t\t\t<li class=\"elementor-icon-list-item\">\n\t\t\t\t\t\t\t\t\t\t\t<span class=\"elementor-icon-list-icon\">\n\t\t\t\t\t\t\t<i aria-hidden=\"true\" class=\"fas fa-check-circle\"><\/i>\t\t\t\t\t\t<\/span>\n\t\t\t\t\t\t\t\t\t\t<span class=\"elementor-icon-list-text\">Conservar y mantener la infraestructura de las \u00e1reas Culturales y Tur\u00edsticas de cada una en las Agencias de la Cooperativa y el CENCAR.<\/span>\n\t\t\t\t\t\t\t\t\t<\/li>\n\t\t\t\t\t\t\t\t<li class=\"elementor-icon-list-item\">\n\t\t\t\t\t\t\t\t\t\t\t<span class=\"elementor-icon-list-icon\">\n\t\t\t\t\t\t\t<i aria-hidden=\"true\" class=\"fas fa-check-circle\"><\/i>\t\t\t\t\t\t<\/span>\n\t\t\t\t\t\t\t\t\t\t<span class=\"elementor-icon-list-text\">Reunirse seg\u00fan lo establecido en el presente Reglamento.<\/span>\n\t\t\t\t\t\t\t\t\t<\/li>\n\t\t\t\t\t\t\t\t<li class=\"elementor-icon-list-item\">\n\t\t\t\t\t\t\t\t\t\t\t<span class=\"elementor-icon-list-icon\">\n\t\t\t\t\t\t\t<i aria-hidden=\"true\" class=\"fas fa-check-circle\"><\/i>\t\t\t\t\t\t<\/span>\n\t\t\t\t\t\t\t\t\t\t<span class=\"elementor-icon-list-text\">Adelantar labores de investigaci\u00f3n y promoci\u00f3n social, cultural, art\u00edstica y tur\u00edstica al interior de la Cooperativa y del Sector.<\/span>\n\t\t\t\t\t\t\t\t\t<\/li>\n\t\t\t\t\t\t\t\t<li class=\"elementor-icon-list-item\">\n\t\t\t\t\t\t\t\t\t\t\t<span class=\"elementor-icon-list-icon\">\n\t\t\t\t\t\t\t<i aria-hidden=\"true\" class=\"fas fa-check-circle\"><\/i>\t\t\t\t\t\t<\/span>\n\t\t\t\t\t\t\t\t\t\t<span class=\"elementor-icon-list-text\">Incentivar el sentido de pertenencia a la Cooperativa por medio de eventos Sociales, Culturales, Art\u00edsticos y tur\u00edsticos.<\/span>\n\t\t\t\t\t\t\t\t\t<\/li>\n\t\t\t\t\t\t\t\t<li class=\"elementor-icon-list-item\">\n\t\t\t\t\t\t\t\t\t\t\t<span class=\"elementor-icon-list-icon\">\n\t\t\t\t\t\t\t<i aria-hidden=\"true\" class=\"fas fa-check-circle\"><\/i>\t\t\t\t\t\t<\/span>\n\t\t\t\t\t\t\t\t\t\t<span class=\"elementor-icon-list-text\">Promover la conservaci\u00f3n y rescate de la cultura aut\u00f3ctona del Departamento, sus regiones y Municipios y del distrito Tur\u00edstico y cultural de Cartagena de Indias.<\/span>\n\t\t\t\t\t\t\t\t\t<\/li>\n\t\t\t\t\t\t\t\t<li class=\"elementor-icon-list-item\">\n\t\t\t\t\t\t\t\t\t\t\t<span class=\"elementor-icon-list-icon\">\n\t\t\t\t\t\t\t<i aria-hidden=\"true\" class=\"fas fa-check-circle\"><\/i>\t\t\t\t\t\t<\/span>\n\t\t\t\t\t\t\t\t\t\t<span class=\"elementor-icon-list-text\">Celebrar las efem\u00e9rides de la Cooperativa, del Sector Solidario, en especial del Cooperativismo, d\u00eda del Asociado, de la familia, de la mujer, del ni\u00f1o hijo del Asociado, empleado o directivo de COOACEDED, cumplea\u00f1os, clausura de actividades de fin de a\u00f1o, inauguraci\u00f3n de oficinas, o de los juegos y otros actos sociales de la Cooperativa.<\/span>\n\t\t\t\t\t\t\t\t\t<\/li>\n\t\t\t\t\t\t\t\t<li class=\"elementor-icon-list-item\">\n\t\t\t\t\t\t\t\t\t\t\t<span class=\"elementor-icon-list-icon\">\n\t\t\t\t\t\t\t<i aria-hidden=\"true\" class=\"fas fa-check-circle\"><\/i>\t\t\t\t\t\t<\/span>\n\t\t\t\t\t\t\t\t\t\t<span class=\"elementor-icon-list-text\">Solicitar al comit\u00e9 Especial de Educaci\u00f3n por intermedio del Consejo de Administraci\u00f3n, los programas de Educaci\u00f3n, Formaci\u00f3n o Capacitaci\u00f3n en aquellos aspectos que ata\u00f1en a los temas sociales y culturales en sus manifestaciones, tanto para los integrantes del Comit\u00e9 como para los Asociados y Empleados de la Cooperativa.<\/span>\n\t\t\t\t\t\t\t\t\t<\/li>\n\t\t\t\t\t\t<\/ul>\n\t\t\t\t\t\t<\/div>\n\t\t\t\t<\/div>\n\t\t\t\t\t<\/div>\n\t\t<\/div>\n\t\t\t\t\t<\/div>\n\t\t<\/section>\n\t\t\t\t<\/div>\n\t\t","protected":false},"excerpt":{"rendered":"<p>Comit\u00e9 Especial Social y Cultural El Consejo de Administraci\u00f3n a trav\u00e9s del\u00a0 Comit\u00e9 Especial Social y Cultural, dise\u00f1a Plan de Actividades el cual reviste gran importancia\u00a0 porque permite dar cumplimiento a los requerimientos\u00a0 tanto legales como estatutarios y\u00a0 reglamentarios que rigen a nuestra Empresa de Econom\u00eda Solidaria, para poder brindar\u00a0 a nuestros Asociados, Empleados y [&hellip;]<\/p>\n","protected":false},"author":1,"featured_media":0,"parent":0,"menu_order":0,"comment_status":"closed","ping_status":"closed","template":"elementor_header_footer","meta":{"footnotes":""},"class_list":["post-3462","page","type-page","status-publish","hentry"],"_links":{"self":[{"href":"https:\/\/cooaceded.coop\/wordpress\/wp-json\/wp\/v2\/pages\/3462","targetHints":{"allow":["GET"]}}],"collection":[{"href":"https:\/\/cooaceded.coop\/wordpress\/wp-json\/wp\/v2\/pages"}],"about":[{"href":"https:\/\/cooaceded.coop\/wordpress\/wp-json\/wp\/v2\/types\/page"}],"author":[{"embeddable":true,"href":"https:\/\/cooaceded.coop\/wordpress\/wp-json\/wp\/v2\/users\/1"}],"replies":[{"embeddable":true,"href":"https:\/\/cooaceded.coop\/wordpress\/wp-json\/wp\/v2\/comments?post=3462"}],"version-history":[{"count":0,"href":"https:\/\/cooaceded.coop\/wordpress\/wp-json\/wp\/v2\/pages\/3462\/revisions"}],"wp:attachment":[{"href":"https:\/\/cooaceded.coop\/wordpress\/wp-json\/wp\/v2\/media?parent=3462"}],"curies":[{"name":"wp","href":"https:\/\/api.w.org\/{rel}","templated":true}]}}