{"id":3377,"date":"2025-01-18T14:33:10","date_gmt":"2025-01-18T14:33:10","guid":{"rendered":"https:\/\/cooaceded.coop\/wordpress\/?page_id=3377"},"modified":"2025-05-16T14:56:31","modified_gmt":"2025-05-16T14:56:31","slug":"educacion","status":"publish","type":"page","link":"https:\/\/cooaceded.coop\/wordpress\/educacion\/","title":{"rendered":"Educaci\u00f3n"},"content":{"rendered":"\t\t<div data-elementor-type=\"wp-page\" data-elementor-id=\"3377\" class=\"elementor elementor-3377\">\n\t\t\t\t\t\t<section class=\"elementor-section elementor-top-section elementor-element elementor-element-9388c0e elementor-section-boxed elementor-section-height-default elementor-section-height-default\" data-id=\"9388c0e\" data-element_type=\"section\" data-e-type=\"section\">\n\t\t\t\t\t\t<div class=\"elementor-container elementor-column-gap-default\">\n\t\t\t\t\t<div class=\"elementor-column elementor-col-100 elementor-top-column elementor-element elementor-element-f323c05\" data-id=\"f323c05\" data-element_type=\"column\" data-e-type=\"column\">\n\t\t\t<div class=\"elementor-widget-wrap elementor-element-populated\">\n\t\t\t\t\t\t<div class=\"elementor-element elementor-element-92bf6af elementor-widget elementor-widget-go-s-heading\" data-id=\"92bf6af\" data-element_type=\"widget\" data-e-type=\"widget\" data-widget_type=\"go-s-heading.default\">\n\t\t\t\t<div class=\"elementor-widget-container\">\n\t\t\t\t\t<div class=\"prthalign\">\n            <h6 class=\"kd-subtitle-1 kd-subtitle-ani-1 elementor-kadu-sub\">\n                            <img decoding=\"async\" src=\"https:\/\/cooaceded.coop\/wordpress\/wp-content\/uploads\/2025\/01\/Sesterella1.png\" alt=\"\"> \n              \n            Comit\u00e9 Especial        <\/h6>\n        <h1 class=\"elementor-gt-heading kd-section-title-1 kd-title-ani kd-split-text\">Educaci\u00f3n<\/h1>        <div class=\"elementor-gt-desc kd-para-1 disc wow\" data-splitting>\n        <div><div><p>El Comit\u00e9 de Educaci\u00f3n es el encargado de Promover, Capacitar y Coordinar las Actividades Educativas y los Programas que tengan como prop\u00f3sito la participaci\u00f3n Democr\u00e1tica y una Cultura Solidaria, aportando a los Asociados los conocimientos sobre las Leyes y Normas que rigen el Sector Cooperativo. Es obligatorio dentro de las Cooperativas, por las normas que rigen el Sector solidario. Se encuentran basados en los Principios Universales del Cooperativismo y de la Econom\u00eda Solidaria.<\/p><\/div><\/div>    <\/div>        \n    <\/div>\t\t\t\t<\/div>\n\t\t\t\t<\/div>\n\t\t\t\t<div class=\"elementor-element elementor-element-b6a6f7b elementor-widget elementor-widget-image\" data-id=\"b6a6f7b\" data-element_type=\"widget\" data-e-type=\"widget\" data-widget_type=\"image.default\">\n\t\t\t\t<div class=\"elementor-widget-container\">\n\t\t\t\t\t\t\t\t\t\t\t\t\t\t\t<img fetchpriority=\"high\" decoding=\"async\" width=\"1254\" height=\"518\" src=\"https:\/\/cooaceded.coop\/wordpress\/wp-content\/uploads\/2025\/01\/eDUCACION.jpg\" class=\"attachment-full size-full wp-image-3382\" alt=\"\" srcset=\"https:\/\/cooaceded.coop\/wordpress\/wp-content\/uploads\/2025\/01\/eDUCACION.jpg 1254w, https:\/\/cooaceded.coop\/wordpress\/wp-content\/uploads\/2025\/01\/eDUCACION-300x124.jpg 300w, https:\/\/cooaceded.coop\/wordpress\/wp-content\/uploads\/2025\/01\/eDUCACION-1024x423.jpg 1024w, https:\/\/cooaceded.coop\/wordpress\/wp-content\/uploads\/2025\/01\/eDUCACION-768x317.jpg 768w\" sizes=\"(max-width: 1254px) 100vw, 1254px\" \/>\t\t\t\t\t\t\t\t\t\t\t\t\t\t\t<\/div>\n\t\t\t\t<\/div>\n\t\t\t\t\t<\/div>\n\t\t<\/div>\n\t\t\t\t\t<\/div>\n\t\t<\/section>\n\t\t\t\t<section class=\"elementor-section elementor-top-section elementor-element elementor-element-8002044 elementor-section-boxed elementor-section-height-default elementor-section-height-default\" data-id=\"8002044\" data-element_type=\"section\" data-e-type=\"section\">\n\t\t\t\t\t\t<div class=\"elementor-container elementor-column-gap-default\">\n\t\t\t\t\t<div class=\"elementor-column elementor-col-66 elementor-top-column elementor-element elementor-element-44d2cb4\" data-id=\"44d2cb4\" data-element_type=\"column\" data-e-type=\"column\" data-settings=\"{&quot;animation&quot;:&quot;none&quot;}\">\n\t\t\t<div class=\"elementor-widget-wrap elementor-element-populated\">\n\t\t\t\t\t\t<div class=\"elementor-element elementor-element-7e8478f elementor-icon-list--layout-traditional elementor-list-item-link-full_width elementor-invisible elementor-widget elementor-widget-icon-list\" data-id=\"7e8478f\" data-element_type=\"widget\" data-e-type=\"widget\" data-settings=\"{&quot;_animation&quot;:&quot;zoomIn&quot;}\" data-widget_type=\"icon-list.default\">\n\t\t\t\t<div class=\"elementor-widget-container\">\n\t\t\t\t\t\t\t<ul class=\"elementor-icon-list-items\">\n\t\t\t\t\t\t\t<li class=\"elementor-icon-list-item\">\n\t\t\t\t\t\t\t\t\t\t\t<span class=\"elementor-icon-list-icon\">\n\t\t\t\t\t\t\t<i aria-hidden=\"true\" class=\"fas fa-check-circle\"><\/i>\t\t\t\t\t\t<\/span>\n\t\t\t\t\t\t\t\t\t\t<span class=\"elementor-icon-list-text\">Planear, organizar, coordinar y ejecutar todas las actividades educativas de acuerdo con las normas vigentes y las pol\u00edticas trazadas y orientadas por el Consejo de Administraci\u00f3n.<\/span>\n\t\t\t\t\t\t\t\t\t<\/li>\n\t\t\t\t\t\t\t\t<li class=\"elementor-icon-list-item\">\n\t\t\t\t\t\t\t\t\t\t\t<span class=\"elementor-icon-list-icon\">\n\t\t\t\t\t\t\t<i aria-hidden=\"true\" class=\"fas fa-check-circle\"><\/i>\t\t\t\t\t\t<\/span>\n\t\t\t\t\t\t\t\t\t\t<span class=\"elementor-icon-list-text\">Promover la educaci\u00f3n y doctrina cooperativa seg\u00fan lo aprobado en el Plan de Actividades del Comit\u00e9 y el PESEM.<\/span>\n\t\t\t\t\t\t\t\t\t<\/li>\n\t\t\t\t\t\t\t\t<li class=\"elementor-icon-list-item\">\n\t\t\t\t\t\t\t\t\t\t\t<span class=\"elementor-icon-list-icon\">\n\t\t\t\t\t\t\t<i aria-hidden=\"true\" class=\"fas fa-check-circle\"><\/i>\t\t\t\t\t\t<\/span>\n\t\t\t\t\t\t\t\t\t\t<span class=\"elementor-icon-list-text\">Ejecutar el Plan de actividades seg\u00fan lo presupuestado, ajustado a lo aprobado por el consejo de Administraci\u00f3n.<\/span>\n\t\t\t\t\t\t\t\t\t<\/li>\n\t\t\t\t\t\t\t\t<li class=\"elementor-icon-list-item\">\n\t\t\t\t\t\t\t\t\t\t\t<span class=\"elementor-icon-list-icon\">\n\t\t\t\t\t\t\t<i aria-hidden=\"true\" class=\"fas fa-check-circle\"><\/i>\t\t\t\t\t\t<\/span>\n\t\t\t\t\t\t\t\t\t\t<span class=\"elementor-icon-list-text\">Coordinar actividades con los otros Comit\u00e9s Especiales de la cooperativa en aras de optimizar los servicios educativos que la Cooperativa ofrece a los Asociados y potenciales asociados, Directivos y empleados.<\/span>\n\t\t\t\t\t\t\t\t\t<\/li>\n\t\t\t\t\t\t\t\t<li class=\"elementor-icon-list-item\">\n\t\t\t\t\t\t\t\t\t\t\t<span class=\"elementor-icon-list-icon\">\n\t\t\t\t\t\t\t<i aria-hidden=\"true\" class=\"fas fa-check-circle\"><\/i>\t\t\t\t\t\t<\/span>\n\t\t\t\t\t\t\t\t\t\t<span class=\"elementor-icon-list-text\">Proponer al Consejo de Administraci\u00f3n e implementar mecanismos y\/o estrategias que permitan mejorar las actividades del Comit\u00e9.<\/span>\n\t\t\t\t\t\t\t\t\t<\/li>\n\t\t\t\t\t\t\t\t<li class=\"elementor-icon-list-item\">\n\t\t\t\t\t\t\t\t\t\t\t<span class=\"elementor-icon-list-icon\">\n\t\t\t\t\t\t\t<i aria-hidden=\"true\" class=\"fas fa-check-circle\"><\/i>\t\t\t\t\t\t<\/span>\n\t\t\t\t\t\t\t\t\t\t<span class=\"elementor-icon-list-text\">Autorizar las inscripciones para los diferentes cursos previamente programados en el Plan de Actividades.<\/span>\n\t\t\t\t\t\t\t\t\t<\/li>\n\t\t\t\t\t\t\t\t<li class=\"elementor-icon-list-item\">\n\t\t\t\t\t\t\t\t\t\t\t<span class=\"elementor-icon-list-icon\">\n\t\t\t\t\t\t\t<i aria-hidden=\"true\" class=\"fas fa-check-circle\"><\/i>\t\t\t\t\t\t<\/span>\n\t\t\t\t\t\t\t\t\t\t<span class=\"elementor-icon-list-text\">Revisar, organizar y relacionar los documentos y Tarjetas de Ingresos y de Reingresos para present\u00e1rselos a la Oficial de Cumplimiento y al Consejo de Administraci\u00f3n.<\/span>\n\t\t\t\t\t\t\t\t\t<\/li>\n\t\t\t\t\t\t\t\t<li class=\"elementor-icon-list-item\">\n\t\t\t\t\t\t\t\t\t\t\t<span class=\"elementor-icon-list-icon\">\n\t\t\t\t\t\t\t<i aria-hidden=\"true\" class=\"fas fa-check-circle\"><\/i>\t\t\t\t\t\t<\/span>\n\t\t\t\t\t\t\t\t\t\t<span class=\"elementor-icon-list-text\">Seleccionar a los Directivos y empleados que asistir\u00e1n a los seminarios de capacitaci\u00f3n en Educaci\u00f3n Solidaria y empresarial en acuerdo con el Gerente.<\/span>\n\t\t\t\t\t\t\t\t\t<\/li>\n\t\t\t\t\t\t\t\t<li class=\"elementor-icon-list-item\">\n\t\t\t\t\t\t\t\t\t\t\t<span class=\"elementor-icon-list-icon\">\n\t\t\t\t\t\t\t<i aria-hidden=\"true\" class=\"fas fa-check-circle\"><\/i>\t\t\t\t\t\t<\/span>\n\t\t\t\t\t\t\t\t\t\t<span class=\"elementor-icon-list-text\">Revisi\u00f3n y actualizaci\u00f3n de las Tarjetas de Ingresos y las de reingresos.<\/span>\n\t\t\t\t\t\t\t\t\t<\/li>\n\t\t\t\t\t\t\t\t<li class=\"elementor-icon-list-item\">\n\t\t\t\t\t\t\t\t\t\t\t<span class=\"elementor-icon-list-icon\">\n\t\t\t\t\t\t\t<i aria-hidden=\"true\" class=\"fas fa-check-circle\"><\/i>\t\t\t\t\t\t<\/span>\n\t\t\t\t\t\t\t\t\t\t<span class=\"elementor-icon-list-text\">Revisi\u00f3n y ajuste de los contenidos de los cursos de cooperativismo por niveles, seg\u00fan lo ordenan las Normas Vigentes.<\/span>\n\t\t\t\t\t\t\t\t\t<\/li>\n\t\t\t\t\t\t\t\t<li class=\"elementor-icon-list-item\">\n\t\t\t\t\t\t\t\t\t\t\t<span class=\"elementor-icon-list-icon\">\n\t\t\t\t\t\t\t<i aria-hidden=\"true\" class=\"fas fa-check-circle\"><\/i>\t\t\t\t\t\t<\/span>\n\t\t\t\t\t\t\t\t\t\t<span class=\"elementor-icon-list-text\">Elaborar el proyecto PESEM y hacerle seguimiento juntamente con el Consejo de Administraci\u00f3n.<\/span>\n\t\t\t\t\t\t\t\t\t<\/li>\n\t\t\t\t\t\t<\/ul>\n\t\t\t\t\t\t<\/div>\n\t\t\t\t<\/div>\n\t\t\t\t\t<\/div>\n\t\t<\/div>\n\t\t\t\t<div class=\"elementor-column elementor-col-33 elementor-top-column elementor-element elementor-element-161f7cc\" data-id=\"161f7cc\" data-element_type=\"column\" data-e-type=\"column\">\n\t\t\t<div class=\"elementor-widget-wrap elementor-element-populated\">\n\t\t\t\t\t\t<div class=\"elementor-element elementor-element-a472287 elementor-invisible elementor-widget elementor-widget-go-event-info-item\" data-id=\"a472287\" data-element_type=\"widget\" data-e-type=\"widget\" data-settings=\"{&quot;_animation&quot;:&quot;tada&quot;}\" data-widget_type=\"go-event-info-item.default\">\n\t\t\t\t<div class=\"elementor-widget-container\">\n\t\t\t\t\t        <div class=\"event-details-content\">\n            <div class=\"content-sidebar\">\n                                    <h4 class=\"sidebar-title\">Cont\u00e1ctanos:<\/h4>\n                                <ul class=\"content-sidebar-list\">\n                                            <li>    \n                            <span>\n                                <i aria-hidden=\"true\" class=\"fas fa-phone-alt\"><\/i>                                Tel\u00e9fono                            <\/span>\n                            605 6424120 ext 2022 - 2023                        <\/li>\n                                            <li>    \n                            <span>\n                                <i aria-hidden=\"true\" class=\"fas fa-mail-bulk\"><\/i>                                Correo                            <\/span>\n                            CEDUCACION@COOACEDED.COOP                        <\/li>\n                                            <li>    \n                            <span>\n                                <i aria-hidden=\"true\" class=\"far fa-clock\"><\/i>                                Horario de Apertura                            <\/span>\n                            02:00 PM                        <\/li>\n                                            <li>    \n                            <span>\n                                <i aria-hidden=\"true\" class=\"far fa-clock\"><\/i>                                Hora de Cierre                            <\/span>\n                            05:00 PM                        <\/li>\n                                            <li>    \n                            <span>\n                                <i aria-hidden=\"true\" class=\"flaticon flaticon-maps-and-flags\"><\/i>                                Oficina                            <\/span>\n                            Cartagena - Santa Lucia                        <\/li>\n                                    <\/ul>\n                                            <\/div>\n        <\/div>\n    \t\t\t\t<\/div>\n\t\t\t\t<\/div>\n\t\t\t\t<div class=\"elementor-element elementor-element-d8eac3d elementor-icon-list--layout-traditional elementor-list-item-link-full_width elementor-invisible elementor-widget elementor-widget-icon-list\" data-id=\"d8eac3d\" data-element_type=\"widget\" data-e-type=\"widget\" data-settings=\"{&quot;_animation&quot;:&quot;zoomIn&quot;}\" data-widget_type=\"icon-list.default\">\n\t\t\t\t<div class=\"elementor-widget-container\">\n\t\t\t\t\t\t\t<ul class=\"elementor-icon-list-items\">\n\t\t\t\t\t\t\t<li class=\"elementor-icon-list-item\">\n\t\t\t\t\t\t\t\t\t\t\t<span class=\"elementor-icon-list-icon\">\n\t\t\t\t\t\t\t<i aria-hidden=\"true\" class=\"fas fa-check-circle\"><\/i>\t\t\t\t\t\t<\/span>\n\t\t\t\t\t\t\t\t\t\t<span class=\"elementor-icon-list-text\">Elaborar los materiales did\u00e1cticos para los cursos de capacitaci\u00f3n y\/o formaci\u00f3n que se realicen en la cooperativa y promoci\u00f3n de \u00e9sta.<\/span>\n\t\t\t\t\t\t\t\t\t<\/li>\n\t\t\t\t\t\t\t\t<li class=\"elementor-icon-list-item\">\n\t\t\t\t\t\t\t\t\t\t\t<span class=\"elementor-icon-list-icon\">\n\t\t\t\t\t\t\t<i aria-hidden=\"true\" class=\"fas fa-check-circle\"><\/i>\t\t\t\t\t\t<\/span>\n\t\t\t\t\t\t\t\t\t\t<span class=\"elementor-icon-list-text\">Seleccionar en reuni\u00f3n con el qu\u00f3rum reglamentario a los formadores o facilitadores en Econom\u00eda Solidaria, para los cursos de Inducci\u00f3n que ofrece la cooperativa por intermedio del comit\u00e9.<\/span>\n\t\t\t\t\t\t\t\t\t<\/li>\n\t\t\t\t\t\t\t\t<li class=\"elementor-icon-list-item\">\n\t\t\t\t\t\t\t\t\t\t\t<span class=\"elementor-icon-list-icon\">\n\t\t\t\t\t\t\t<i aria-hidden=\"true\" class=\"fas fa-check-circle\"><\/i>\t\t\t\t\t\t<\/span>\n\t\t\t\t\t\t\t\t\t\t<span class=\"elementor-icon-list-text\">Participar en actividades, eventos o procesos que conlleven al crecimiento de la cooperativa.<\/span>\n\t\t\t\t\t\t\t\t\t<\/li>\n\t\t\t\t\t\t\t\t<li class=\"elementor-icon-list-item\">\n\t\t\t\t\t\t\t\t\t\t\t<span class=\"elementor-icon-list-icon\">\n\t\t\t\t\t\t\t<i aria-hidden=\"true\" class=\"fas fa-check-circle\"><\/i>\t\t\t\t\t\t<\/span>\n\t\t\t\t\t\t\t\t\t\t<span class=\"elementor-icon-list-text\">Evaluar y determinar sobre las solicitudes de auxilios educativos para los empleados.<\/span>\n\t\t\t\t\t\t\t\t\t<\/li>\n\t\t\t\t\t\t\t\t<li class=\"elementor-icon-list-item\">\n\t\t\t\t\t\t\t\t\t\t\t<span class=\"elementor-icon-list-icon\">\n\t\t\t\t\t\t\t<i aria-hidden=\"true\" class=\"fas fa-check-circle\"><\/i>\t\t\t\t\t\t<\/span>\n\t\t\t\t\t\t\t\t\t\t<span class=\"elementor-icon-list-text\">Reunirse seg\u00fan lo estipulado en el presente reglamento.<\/span>\n\t\t\t\t\t\t\t\t\t<\/li>\n\t\t\t\t\t\t\t\t<li class=\"elementor-icon-list-item\">\n\t\t\t\t\t\t\t\t\t\t\t<span class=\"elementor-icon-list-icon\">\n\t\t\t\t\t\t\t<i aria-hidden=\"true\" class=\"fas fa-check-circle\"><\/i>\t\t\t\t\t\t<\/span>\n\t\t\t\t\t\t\t\t\t\t<span class=\"elementor-icon-list-text\">Las dem\u00e1s que le asigne el Consejo de Administraci\u00f3n y que se encuentren dentro del \u00e1mbito de sus actividades.<\/span>\n\t\t\t\t\t\t\t\t\t<\/li>\n\t\t\t\t\t\t<\/ul>\n\t\t\t\t\t\t<\/div>\n\t\t\t\t<\/div>\n\t\t\t\t\t<\/div>\n\t\t<\/div>\n\t\t\t\t\t<\/div>\n\t\t<\/section>\n\t\t\t\t<\/div>\n\t\t","protected":false},"excerpt":{"rendered":"<p>Comit\u00e9 Especial Educaci\u00f3n El Comit\u00e9 de Educaci\u00f3n es el encargado de Promover, Capacitar y Coordinar las Actividades Educativas y los Programas que tengan como prop\u00f3sito la participaci\u00f3n Democr\u00e1tica y una Cultura Solidaria, aportando a los Asociados los conocimientos sobre las Leyes y Normas que rigen el Sector Cooperativo. Es obligatorio dentro de las Cooperativas, por [&hellip;]<\/p>\n","protected":false},"author":1,"featured_media":0,"parent":0,"menu_order":0,"comment_status":"closed","ping_status":"closed","template":"elementor_header_footer","meta":{"footnotes":""},"class_list":["post-3377","page","type-page","status-publish","hentry"],"_links":{"self":[{"href":"https:\/\/cooaceded.coop\/wordpress\/wp-json\/wp\/v2\/pages\/3377","targetHints":{"allow":["GET"]}}],"collection":[{"href":"https:\/\/cooaceded.coop\/wordpress\/wp-json\/wp\/v2\/pages"}],"about":[{"href":"https:\/\/cooaceded.coop\/wordpress\/wp-json\/wp\/v2\/types\/page"}],"author":[{"embeddable":true,"href":"https:\/\/cooaceded.coop\/wordpress\/wp-json\/wp\/v2\/users\/1"}],"replies":[{"embeddable":true,"href":"https:\/\/cooaceded.coop\/wordpress\/wp-json\/wp\/v2\/comments?post=3377"}],"version-history":[{"count":0,"href":"https:\/\/cooaceded.coop\/wordpress\/wp-json\/wp\/v2\/pages\/3377\/revisions"}],"wp:attachment":[{"href":"https:\/\/cooaceded.coop\/wordpress\/wp-json\/wp\/v2\/media?parent=3377"}],"curies":[{"name":"wp","href":"https:\/\/api.w.org\/{rel}","templated":true}]}}