{"id":1821,"date":"2025-01-23T06:21:45","date_gmt":"2025-01-23T06:21:45","guid":{"rendered":"https:\/\/themexriver.com\/wp\/kadu\/?page_id=1821"},"modified":"2026-04-21T23:18:46","modified_gmt":"2026-04-21T23:18:46","slug":"asamblea-general-ordinaria-de-delegados","status":"publish","type":"page","link":"https:\/\/cooaceded.coop\/wordpress\/asamblea-general-ordinaria-de-delegados\/","title":{"rendered":"Asamblea General Ordinaria de Delegados"},"content":{"rendered":"\t\t<div data-elementor-type=\"wp-page\" data-elementor-id=\"1821\" class=\"elementor elementor-1821\">\n\t\t\t\t\t\t<section class=\"elementor-section elementor-top-section elementor-element elementor-element-bc52f3e elementor-section-boxed elementor-section-height-default elementor-section-height-default\" data-id=\"bc52f3e\" data-element_type=\"section\" data-e-type=\"section\">\n\t\t\t\t\t\t<div class=\"elementor-container elementor-column-gap-default\">\n\t\t\t\t\t<div class=\"elementor-column elementor-col-100 elementor-top-column elementor-element elementor-element-d000cc0\" data-id=\"d000cc0\" data-element_type=\"column\" data-e-type=\"column\">\n\t\t\t<div class=\"elementor-widget-wrap elementor-element-populated\">\n\t\t\t\t\t\t<div class=\"elementor-element elementor-element-125e74e elementor-widget elementor-widget-go-s-heading\" data-id=\"125e74e\" data-element_type=\"widget\" data-e-type=\"widget\" data-widget_type=\"go-s-heading.default\">\n\t\t\t\t<div class=\"elementor-widget-container\">\n\t\t\t\t\t<div class=\"prthalign\">\n            <h6 class=\"kd-subtitle-1 kd-subtitle-ani-1 elementor-kadu-sub\">\n                            <img decoding=\"async\" src=\"https:\/\/cooaceded.coop\/wordpress\/wp-content\/uploads\/2025\/01\/Sesterella1.png\" alt=\"\"> \n              \n            Asamblea General Ordinaria de Delegados        <\/h6>\n        <h1 class=\"elementor-gt-heading kd-section-title-1 kd-title-ani kd-split-text\">COOACEDED<\/h1>        <div class=\"elementor-gt-desc kd-para-1 disc wow\" data-splitting>\n        <div><div><div><strong>Supersolidaria:<\/strong> ARTICULO 27o. \"La Asamblea General es el \u00f3rgano m\u00e1ximo de administraci\u00f3n de las cooperativas y sus decisiones son obligatorias para todos los asociados, siempre que se hayan adoptado de conformidad con las normas legales, reglamentarias o estatutarias. La constituye la reuni\u00f3n de los asociados h\u00e1biles o de los delegados elegidos por \u00e9stos\".<\/div><\/div><\/div>    <\/div>        \n    <\/div>\t\t\t\t<\/div>\n\t\t\t\t<\/div>\n\t\t\t\t\t<\/div>\n\t\t<\/div>\n\t\t\t\t\t<\/div>\n\t\t<\/section>\n\t\t\t\t<section class=\"elementor-section elementor-top-section elementor-element elementor-element-9f8966b elementor-section-boxed elementor-section-height-default elementor-section-height-default\" data-id=\"9f8966b\" data-element_type=\"section\" data-e-type=\"section\" data-settings=\"{&quot;background_background&quot;:&quot;classic&quot;}\">\n\t\t\t\t\t\t<div class=\"elementor-container elementor-column-gap-default\">\n\t\t\t\t\t<div class=\"elementor-column elementor-col-33 elementor-top-column elementor-element elementor-element-09c8bc4\" data-id=\"09c8bc4\" data-element_type=\"column\" data-e-type=\"column\">\n\t\t\t<div class=\"elementor-widget-wrap elementor-element-populated\">\n\t\t\t\t\t\t<div class=\"elementor-element elementor-element-5cb6d32 elementor-widget elementor-widget-go-kadu-accordion\" data-id=\"5cb6d32\" data-element_type=\"widget\" data-e-type=\"widget\" data-widget_type=\"go-kadu-accordion.default\">\n\t\t\t\t<div class=\"elementor-widget-container\">\n\t\t\t\t\t<div class=\"kd-about-4-according mb-60\" id=\"accordionExample_117474\">\n        <div class=\"kd-about-4-according-item mb-20\" >\n        <div class=\"item-header\" id=\"heading117474-b3cea5b\">\n            <button class=\"item-title kd-heading-2 kd-font-700 \" type=\"button\" data-bs-toggle=\"collapse\" data-bs-target=\"#collapse117474-b3cea5b\" aria-expanded=\"false\" aria-controls=\"collapse117474-b3cea5b\">\n                <span class=\"icon\">\n                    <i aria-hidden=\"true\" class=\"fas fa-person-booth\"><\/i>                <\/span>\n                <span class=\"text \">XXXI<\/span>\n            <\/button>\n        <\/div>\n        <div id=\"collapse117474-b3cea5b\" class=\"accordion-collapse collapse show\" aria-labelledby=\"heading117474-b3cea5b\" data-bs-parent=\"#accordionExample_117474\">\n            <div class=\"item-body\">\n                <p class=\"kd-para-2 disc has-para-sm \">Asamblea General Ordinaria de Delegados<\/p>\n            <\/div>\n        <\/div>\n    <\/div>\n        <div class=\"kd-about-4-according-item mb-20\" >\n        <div class=\"item-header\" id=\"heading117474-a75b4be\">\n            <button class=\"item-title kd-heading-2 kd-font-700 collapsed\" type=\"button\" data-bs-toggle=\"collapse\" data-bs-target=\"#collapse117474-a75b4be\" aria-expanded=\"false\" aria-controls=\"collapse117474-a75b4be\">\n                <span class=\"icon\">\n                    <i aria-hidden=\"true\" class=\"far fa-file-pdf\"><\/i>                <\/span>\n                <span class=\"text \">Informe<\/span>\n            <\/button>\n        <\/div>\n        <div id=\"collapse117474-a75b4be\" class=\"accordion-collapse collapse \" aria-labelledby=\"heading117474-a75b4be\" data-bs-parent=\"#accordionExample_117474\">\n            <div class=\"item-body\">\n                <p class=\"kd-para-2 disc has-para-sm \"><a href=\"https:\/\/cooaceded.coop\/wordpress\/wp-content\/uploads\/2026\/04\/Informes-y-Estados-Financieros-2025.pdf\">Informe para Asociados - Descarga<\/a><\/p>\n            <\/div>\n        <\/div>\n    <\/div>\n        <div class=\"kd-about-4-according-item mb-20\" >\n        <div class=\"item-header\" id=\"heading117474-703344d\">\n            <button class=\"item-title kd-heading-2 kd-font-700 collapsed\" type=\"button\" data-bs-toggle=\"collapse\" data-bs-target=\"#collapse117474-703344d\" aria-expanded=\"false\" aria-controls=\"collapse117474-703344d\">\n                <span class=\"icon\">\n                    <i aria-hidden=\"true\" class=\"far fa-file-pdf\"><\/i>                <\/span>\n                <span class=\"text \">Convocatoria<\/span>\n            <\/button>\n        <\/div>\n        <div id=\"collapse117474-703344d\" class=\"accordion-collapse collapse \" aria-labelledby=\"heading117474-703344d\" data-bs-parent=\"#accordionExample_117474\">\n            <div class=\"item-body\">\n                <p class=\"kd-para-2 disc has-para-sm \"><a href=\"https:\/\/cooaceded.coop\/wordpress\/wp-content\/uploads\/2026\/02\/RESOLUCION-085-27-DICIEMBRE-2025-CONVOCATORIA-ASAMBLEA-2026.pdf\">Convocatoria para Asamblea - Descarga<\/a><\/p>\n            <\/div>\n        <\/div>\n    <\/div>\n        <div class=\"kd-about-4-according-item mb-20\" >\n        <div class=\"item-header\" id=\"heading117474-5d2598f\">\n            <button class=\"item-title kd-heading-2 kd-font-700 collapsed\" type=\"button\" data-bs-toggle=\"collapse\" data-bs-target=\"#collapse117474-5d2598f\" aria-expanded=\"false\" aria-controls=\"collapse117474-5d2598f\">\n                <span class=\"icon\">\n                    <i aria-hidden=\"true\" class=\"fas fa-photo-video\"><\/i>                <\/span>\n                <span class=\"text \">Galeria<\/span>\n            <\/button>\n        <\/div>\n        <div id=\"collapse117474-5d2598f\" class=\"accordion-collapse collapse \" aria-labelledby=\"heading117474-5d2598f\" data-bs-parent=\"#accordionExample_117474\">\n            <div class=\"item-body\">\n                <p class=\"kd-para-2 disc has-para-sm \"><a href=\"https:\/\/cooaceded.pixieset.com\/xxxiasambleageneralordinariadedelegados\/\">Galeria<\/a><\/p>\n            <\/div>\n        <\/div>\n    <\/div>\n    \n<\/div>\t\t\t\t<\/div>\n\t\t\t\t<\/div>\n\t\t\t\t<div class=\"elementor-element elementor-element-a67b0df elementor-widget elementor-widget-go-kadu-accordion\" data-id=\"a67b0df\" data-element_type=\"widget\" data-e-type=\"widget\" data-widget_type=\"go-kadu-accordion.default\">\n\t\t\t\t<div class=\"elementor-widget-container\">\n\t\t\t\t\t<div class=\"kd-about-4-according mb-60\" id=\"accordionExample_255963\">\n        <div class=\"kd-about-4-according-item mb-20\" >\n        <div class=\"item-header\" id=\"heading255963-b3cea5b\">\n            <button class=\"item-title kd-heading-2 kd-font-700 \" type=\"button\" data-bs-toggle=\"collapse\" data-bs-target=\"#collapse255963-b3cea5b\" aria-expanded=\"false\" aria-controls=\"collapse255963-b3cea5b\">\n                <span class=\"icon\">\n                    <i aria-hidden=\"true\" class=\"fas fa-person-booth\"><\/i>                <\/span>\n                <span class=\"text \">XXVIII<\/span>\n            <\/button>\n        <\/div>\n        <div id=\"collapse255963-b3cea5b\" class=\"accordion-collapse collapse show\" aria-labelledby=\"heading255963-b3cea5b\" data-bs-parent=\"#accordionExample_255963\">\n            <div class=\"item-body\">\n                <p class=\"kd-para-2 disc has-para-sm \">Asamblea General Ordinaria de Delegados<\/p>\n            <\/div>\n        <\/div>\n    <\/div>\n        <div class=\"kd-about-4-according-item mb-20\" >\n        <div class=\"item-header\" id=\"heading255963-a75b4be\">\n            <button class=\"item-title kd-heading-2 kd-font-700 collapsed\" type=\"button\" data-bs-toggle=\"collapse\" data-bs-target=\"#collapse255963-a75b4be\" aria-expanded=\"false\" aria-controls=\"collapse255963-a75b4be\">\n                <span class=\"icon\">\n                    <i aria-hidden=\"true\" class=\"far fa-file-pdf\"><\/i>                <\/span>\n                <span class=\"text \">Informe<\/span>\n            <\/button>\n        <\/div>\n        <div id=\"collapse255963-a75b4be\" class=\"accordion-collapse collapse \" aria-labelledby=\"heading255963-a75b4be\" data-bs-parent=\"#accordionExample_255963\">\n            <div class=\"item-body\">\n                <p class=\"kd-para-2 disc has-para-sm \"><a href=\"https:\/\/cooaceded.coop\/wordpress\/wp-content\/uploads\/2025\/04\/Informe-XXVIII-Delegados.pdf\">Informe para Asociados - Descarga<\/a><\/p>\n            <\/div>\n        <\/div>\n    <\/div>\n        <div class=\"kd-about-4-according-item mb-20\" >\n        <div class=\"item-header\" id=\"heading255963-703344d\">\n            <button class=\"item-title kd-heading-2 kd-font-700 collapsed\" type=\"button\" data-bs-toggle=\"collapse\" data-bs-target=\"#collapse255963-703344d\" aria-expanded=\"false\" aria-controls=\"collapse255963-703344d\">\n                <span class=\"icon\">\n                    <i aria-hidden=\"true\" class=\"far fa-file-pdf\"><\/i>                <\/span>\n                <span class=\"text \">Convocatoria<\/span>\n            <\/button>\n        <\/div>\n        <div id=\"collapse255963-703344d\" class=\"accordion-collapse collapse \" aria-labelledby=\"heading255963-703344d\" data-bs-parent=\"#accordionExample_255963\">\n            <div class=\"item-body\">\n                <p class=\"kd-para-2 disc has-para-sm \"><a href=\"https:\/\/cooaceded.coop\/wordpress\/wp-content\/uploads\/2025\/01\/RESOLUCION-No-076-CONVOCATORIA-ASAMBLEA-XXVIII.pdf\">Convocatoria para Asamblea - Descarga<\/a><\/p>\n            <\/div>\n        <\/div>\n    <\/div>\n    \n<\/div>\t\t\t\t<\/div>\n\t\t\t\t<\/div>\n\t\t\t\t\t<\/div>\n\t\t<\/div>\n\t\t\t\t<div class=\"elementor-column elementor-col-33 elementor-top-column elementor-element elementor-element-6bb7d28\" data-id=\"6bb7d28\" data-element_type=\"column\" data-e-type=\"column\">\n\t\t\t<div class=\"elementor-widget-wrap elementor-element-populated\">\n\t\t\t\t\t\t<div class=\"elementor-element elementor-element-0bd15ec elementor-widget elementor-widget-go-kadu-accordion\" data-id=\"0bd15ec\" data-element_type=\"widget\" data-e-type=\"widget\" data-widget_type=\"go-kadu-accordion.default\">\n\t\t\t\t<div class=\"elementor-widget-container\">\n\t\t\t\t\t<div class=\"kd-about-4-according mb-60\" id=\"accordionExample_408664\">\n        <div class=\"kd-about-4-according-item mb-20\" >\n        <div class=\"item-header\" id=\"heading408664-b3cea5b\">\n            <button class=\"item-title kd-heading-2 kd-font-700 \" type=\"button\" data-bs-toggle=\"collapse\" data-bs-target=\"#collapse408664-b3cea5b\" aria-expanded=\"false\" aria-controls=\"collapse408664-b3cea5b\">\n                <span class=\"icon\">\n                    <i aria-hidden=\"true\" class=\"fas fa-person-booth\"><\/i>                <\/span>\n                <span class=\"text \">XXX<\/span>\n            <\/button>\n        <\/div>\n        <div id=\"collapse408664-b3cea5b\" class=\"accordion-collapse collapse show\" aria-labelledby=\"heading408664-b3cea5b\" data-bs-parent=\"#accordionExample_408664\">\n            <div class=\"item-body\">\n                <p class=\"kd-para-2 disc has-para-sm \">Asamblea General Ordinaria de Delegados<\/p>\n            <\/div>\n        <\/div>\n    <\/div>\n        <div class=\"kd-about-4-according-item mb-20\" >\n        <div class=\"item-header\" id=\"heading408664-a75b4be\">\n            <button class=\"item-title kd-heading-2 kd-font-700 collapsed\" type=\"button\" data-bs-toggle=\"collapse\" data-bs-target=\"#collapse408664-a75b4be\" aria-expanded=\"false\" aria-controls=\"collapse408664-a75b4be\">\n                <span class=\"icon\">\n                    <i aria-hidden=\"true\" class=\"far fa-file-pdf\"><\/i>                <\/span>\n                <span class=\"text \">Informe<\/span>\n            <\/button>\n        <\/div>\n        <div id=\"collapse408664-a75b4be\" class=\"accordion-collapse collapse \" aria-labelledby=\"heading408664-a75b4be\" data-bs-parent=\"#accordionExample_408664\">\n            <div class=\"item-body\">\n                <p class=\"kd-para-2 disc has-para-sm \"><a href=\"https:\/\/cooaceded.coop\/wordpress\/wp-content\/uploads\/2025\/04\/Informe-Final-Asamblea-XXX.pdf\">Informe para Asociados - Descarga<\/a><\/p>\n            <\/div>\n        <\/div>\n    <\/div>\n        <div class=\"kd-about-4-according-item mb-20\" >\n        <div class=\"item-header\" id=\"heading408664-703344d\">\n            <button class=\"item-title kd-heading-2 kd-font-700 collapsed\" type=\"button\" data-bs-toggle=\"collapse\" data-bs-target=\"#collapse408664-703344d\" aria-expanded=\"false\" aria-controls=\"collapse408664-703344d\">\n                <span class=\"icon\">\n                    <i aria-hidden=\"true\" class=\"far fa-file-pdf\"><\/i>                <\/span>\n                <span class=\"text \">Convocatoria<\/span>\n            <\/button>\n        <\/div>\n        <div id=\"collapse408664-703344d\" class=\"accordion-collapse collapse \" aria-labelledby=\"heading408664-703344d\" data-bs-parent=\"#accordionExample_408664\">\n            <div class=\"item-body\">\n                <p class=\"kd-para-2 disc has-para-sm \"><a href=\"https:\/\/cooaceded.coop\/wordpress\/wp-content\/uploads\/2025\/02\/RESOLUCION-No-083-CONVOCATORIA-XXX-ASAMBLEA-2025.pdf\">Convocatoria para Asamblea - Descarga<\/a><\/p>\n            <\/div>\n        <\/div>\n    <\/div>\n    \n<\/div>\t\t\t\t<\/div>\n\t\t\t\t<\/div>\n\t\t\t\t<div class=\"elementor-element elementor-element-cc1a817 elementor-widget elementor-widget-go-kadu-accordion\" data-id=\"cc1a817\" data-element_type=\"widget\" data-e-type=\"widget\" data-widget_type=\"go-kadu-accordion.default\">\n\t\t\t\t<div class=\"elementor-widget-container\">\n\t\t\t\t\t<div class=\"kd-about-4-according mb-60\" id=\"accordionExample_294275\">\n        <div class=\"kd-about-4-according-item mb-20\" >\n        <div class=\"item-header\" id=\"heading294275-b3cea5b\">\n            <button class=\"item-title kd-heading-2 kd-font-700 \" type=\"button\" data-bs-toggle=\"collapse\" data-bs-target=\"#collapse294275-b3cea5b\" aria-expanded=\"false\" aria-controls=\"collapse294275-b3cea5b\">\n                <span class=\"icon\">\n                    <i aria-hidden=\"true\" class=\"fas fa-person-booth\"><\/i>                <\/span>\n                <span class=\"text \">XXVII<\/span>\n            <\/button>\n        <\/div>\n        <div id=\"collapse294275-b3cea5b\" class=\"accordion-collapse collapse show\" aria-labelledby=\"heading294275-b3cea5b\" data-bs-parent=\"#accordionExample_294275\">\n            <div class=\"item-body\">\n                <p class=\"kd-para-2 disc has-para-sm \">Asamblea General Ordinaria de Delegados<\/p>\n            <\/div>\n        <\/div>\n    <\/div>\n        <div class=\"kd-about-4-according-item mb-20\" >\n        <div class=\"item-header\" id=\"heading294275-a75b4be\">\n            <button class=\"item-title kd-heading-2 kd-font-700 collapsed\" type=\"button\" data-bs-toggle=\"collapse\" data-bs-target=\"#collapse294275-a75b4be\" aria-expanded=\"false\" aria-controls=\"collapse294275-a75b4be\">\n                <span class=\"icon\">\n                    <i aria-hidden=\"true\" class=\"far fa-file-pdf\"><\/i>                <\/span>\n                <span class=\"text \">Informe<\/span>\n            <\/button>\n        <\/div>\n        <div id=\"collapse294275-a75b4be\" class=\"accordion-collapse collapse \" aria-labelledby=\"heading294275-a75b4be\" data-bs-parent=\"#accordionExample_294275\">\n            <div class=\"item-body\">\n                <p class=\"kd-para-2 disc has-para-sm \"><a href=\"https:\/\/cooaceded.coop\/wordpress\/wp-content\/uploads\/2025\/04\/Informe-Asamblea-XXVII.pdf\">Informe para Asociados - Descarga<\/a><\/p>\n            <\/div>\n        <\/div>\n    <\/div>\n        <div class=\"kd-about-4-according-item mb-20\" >\n        <div class=\"item-header\" id=\"heading294275-703344d\">\n            <button class=\"item-title kd-heading-2 kd-font-700 collapsed\" type=\"button\" data-bs-toggle=\"collapse\" data-bs-target=\"#collapse294275-703344d\" aria-expanded=\"false\" aria-controls=\"collapse294275-703344d\">\n                <span class=\"icon\">\n                    <i aria-hidden=\"true\" class=\"far fa-file-pdf\"><\/i>                <\/span>\n                <span class=\"text \">Convocatoria<\/span>\n            <\/button>\n        <\/div>\n        <div id=\"collapse294275-703344d\" class=\"accordion-collapse collapse \" aria-labelledby=\"heading294275-703344d\" data-bs-parent=\"#accordionExample_294275\">\n            <div class=\"item-body\">\n                <p class=\"kd-para-2 disc has-para-sm \"><a href=\"https:\/\/cooaceded.coop\/wordpress\/wp-content\/uploads\/2025\/01\/RESOLUCION-074-CONVOCATORIA-ASAMBLEA-2022.pdf\">Convocatoria para Asamblea - Descarga<\/a><\/p>\n            <\/div>\n        <\/div>\n    <\/div>\n    \n<\/div>\t\t\t\t<\/div>\n\t\t\t\t<\/div>\n\t\t\t\t\t<\/div>\n\t\t<\/div>\n\t\t\t\t<div class=\"elementor-column elementor-col-33 elementor-top-column elementor-element elementor-element-7540bf8\" data-id=\"7540bf8\" data-element_type=\"column\" data-e-type=\"column\">\n\t\t\t<div class=\"elementor-widget-wrap elementor-element-populated\">\n\t\t\t\t\t\t<div class=\"elementor-element elementor-element-fd6e048 elementor-widget elementor-widget-go-kadu-accordion\" data-id=\"fd6e048\" data-element_type=\"widget\" data-e-type=\"widget\" data-widget_type=\"go-kadu-accordion.default\">\n\t\t\t\t<div class=\"elementor-widget-container\">\n\t\t\t\t\t<div class=\"kd-about-4-according mb-60\" id=\"accordionExample_380272\">\n        <div class=\"kd-about-4-according-item mb-20\" >\n        <div class=\"item-header\" id=\"heading380272-b3cea5b\">\n            <button class=\"item-title kd-heading-2 kd-font-700 \" type=\"button\" data-bs-toggle=\"collapse\" data-bs-target=\"#collapse380272-b3cea5b\" aria-expanded=\"false\" aria-controls=\"collapse380272-b3cea5b\">\n                <span class=\"icon\">\n                    <i aria-hidden=\"true\" class=\"fas fa-person-booth\"><\/i>                <\/span>\n                <span class=\"text \">XXIX<\/span>\n            <\/button>\n        <\/div>\n        <div id=\"collapse380272-b3cea5b\" class=\"accordion-collapse collapse show\" aria-labelledby=\"heading380272-b3cea5b\" data-bs-parent=\"#accordionExample_380272\">\n            <div class=\"item-body\">\n                <p class=\"kd-para-2 disc has-para-sm \">Asamblea General Ordinaria de Delegados<\/p>\n            <\/div>\n        <\/div>\n    <\/div>\n        <div class=\"kd-about-4-according-item mb-20\" >\n        <div class=\"item-header\" id=\"heading380272-a75b4be\">\n            <button class=\"item-title kd-heading-2 kd-font-700 collapsed\" type=\"button\" data-bs-toggle=\"collapse\" data-bs-target=\"#collapse380272-a75b4be\" aria-expanded=\"false\" aria-controls=\"collapse380272-a75b4be\">\n                <span class=\"icon\">\n                    <i aria-hidden=\"true\" class=\"far fa-file-pdf\"><\/i>                <\/span>\n                <span class=\"text \">Informe<\/span>\n            <\/button>\n        <\/div>\n        <div id=\"collapse380272-a75b4be\" class=\"accordion-collapse collapse \" aria-labelledby=\"heading380272-a75b4be\" data-bs-parent=\"#accordionExample_380272\">\n            <div class=\"item-body\">\n                <p class=\"kd-para-2 disc has-para-sm \"><a href=\"https:\/\/cooaceded.coop\/wordpress\/wp-content\/uploads\/2025\/04\/INFORME-XXIX-2024.pdf\">Informe para Asociados - Descarga<\/a><\/p>\n            <\/div>\n        <\/div>\n    <\/div>\n        <div class=\"kd-about-4-according-item mb-20\" >\n        <div class=\"item-header\" id=\"heading380272-703344d\">\n            <button class=\"item-title kd-heading-2 kd-font-700 collapsed\" type=\"button\" data-bs-toggle=\"collapse\" data-bs-target=\"#collapse380272-703344d\" aria-expanded=\"false\" aria-controls=\"collapse380272-703344d\">\n                <span class=\"icon\">\n                    <i aria-hidden=\"true\" class=\"far fa-file-pdf\"><\/i>                <\/span>\n                <span class=\"text \">Convocatoria<\/span>\n            <\/button>\n        <\/div>\n        <div id=\"collapse380272-703344d\" class=\"accordion-collapse collapse \" aria-labelledby=\"heading380272-703344d\" data-bs-parent=\"#accordionExample_380272\">\n            <div class=\"item-body\">\n                <p class=\"kd-para-2 disc has-para-sm \"><a href=\"https:\/\/cooaceded.coop\/wordpress\/wp-content\/uploads\/2025\/01\/RESOLUCION-No-080-CONVOCATORIA-XXIX-ASAMBLEA-GENERAL-ORDINARIA-DE-DELEGADOS-.pdf\">Convocatoria para Asamblea - Descarga<\/a><\/p>\n            <\/div>\n        <\/div>\n    <\/div>\n    \n<\/div>\t\t\t\t<\/div>\n\t\t\t\t<\/div>\n\t\t\t\t<div class=\"elementor-element elementor-element-903c1e9 elementor-widget elementor-widget-go-kadu-accordion\" data-id=\"903c1e9\" data-element_type=\"widget\" data-e-type=\"widget\" data-widget_type=\"go-kadu-accordion.default\">\n\t\t\t\t<div class=\"elementor-widget-container\">\n\t\t\t\t\t<div class=\"kd-about-4-according mb-60\" id=\"accordionExample_381820\">\n        <div class=\"kd-about-4-according-item mb-20\" >\n        <div class=\"item-header\" id=\"heading381820-b3cea5b\">\n            <button class=\"item-title kd-heading-2 kd-font-700 \" type=\"button\" data-bs-toggle=\"collapse\" data-bs-target=\"#collapse381820-b3cea5b\" aria-expanded=\"false\" aria-controls=\"collapse381820-b3cea5b\">\n                <span class=\"icon\">\n                    <i aria-hidden=\"true\" class=\"fas fa-person-booth\"><\/i>                <\/span>\n                <span class=\"text \">XXVI<\/span>\n            <\/button>\n        <\/div>\n        <div id=\"collapse381820-b3cea5b\" class=\"accordion-collapse collapse show\" aria-labelledby=\"heading381820-b3cea5b\" data-bs-parent=\"#accordionExample_381820\">\n            <div class=\"item-body\">\n                <p class=\"kd-para-2 disc has-para-sm \">Asamblea General Ordinaria de Delegados<\/p>\n            <\/div>\n        <\/div>\n    <\/div>\n        <div class=\"kd-about-4-according-item mb-20\" >\n        <div class=\"item-header\" id=\"heading381820-a75b4be\">\n            <button class=\"item-title kd-heading-2 kd-font-700 collapsed\" type=\"button\" data-bs-toggle=\"collapse\" data-bs-target=\"#collapse381820-a75b4be\" aria-expanded=\"false\" aria-controls=\"collapse381820-a75b4be\">\n                <span class=\"icon\">\n                    <i aria-hidden=\"true\" class=\"far fa-file-pdf\"><\/i>                <\/span>\n                <span class=\"text \">Informe<\/span>\n            <\/button>\n        <\/div>\n        <div id=\"collapse381820-a75b4be\" class=\"accordion-collapse collapse \" aria-labelledby=\"heading381820-a75b4be\" data-bs-parent=\"#accordionExample_381820\">\n            <div class=\"item-body\">\n                <p class=\"kd-para-2 disc has-para-sm \"><a href=\"https:\/\/cooaceded.coop\/wordpress\/wp-content\/uploads\/2025\/04\/INFORME-ASAMBLEA-XXVI-FINAL.pdf\">Informe para Asociados - Descarga<\/a><\/p>\n            <\/div>\n        <\/div>\n    <\/div>\n        <div class=\"kd-about-4-according-item mb-20\" >\n        <div class=\"item-header\" id=\"heading381820-703344d\">\n            <button class=\"item-title kd-heading-2 kd-font-700 collapsed\" type=\"button\" data-bs-toggle=\"collapse\" data-bs-target=\"#collapse381820-703344d\" aria-expanded=\"false\" aria-controls=\"collapse381820-703344d\">\n                <span class=\"icon\">\n                    <i aria-hidden=\"true\" class=\"far fa-file-pdf\"><\/i>                <\/span>\n                <span class=\"text \">Convocatoria<\/span>\n            <\/button>\n        <\/div>\n        <div id=\"collapse381820-703344d\" class=\"accordion-collapse collapse \" aria-labelledby=\"heading381820-703344d\" data-bs-parent=\"#accordionExample_381820\">\n            <div class=\"item-body\">\n                <p class=\"kd-para-2 disc has-para-sm \"><a href=\"https:\/\/cooaceded.coop\/wordpress\/wp-content\/uploads\/2025\/01\/1resolucion_067_convocatoria_asamblea_2021_sin_nota.pdf\">Convocatoria para Asamblea - Descarga<\/a><\/p>\n            <\/div>\n        <\/div>\n    <\/div>\n    \n<\/div>\t\t\t\t<\/div>\n\t\t\t\t<\/div>\n\t\t\t\t\t<\/div>\n\t\t<\/div>\n\t\t\t\t\t<\/div>\n\t\t<\/section>\n\t\t\t\t<\/div>\n\t\t","protected":false},"excerpt":{"rendered":"<p>Asamblea General Ordinaria de Delegados COOACEDED Supersolidaria: ARTICULO 27o. \u00abLa Asamblea General es el \u00f3rgano m\u00e1ximo de administraci\u00f3n de las cooperativas y sus decisiones son obligatorias para todos los asociados, siempre que se hayan adoptado de conformidad con las normas legales, reglamentarias o estatutarias. La constituye la reuni\u00f3n de los asociados h\u00e1biles o de los [&hellip;]<\/p>\n","protected":false},"author":1,"featured_media":0,"parent":0,"menu_order":0,"comment_status":"closed","ping_status":"closed","template":"elementor_header_footer","meta":{"footnotes":""},"class_list":["post-1821","page","type-page","status-publish","hentry"],"_links":{"self":[{"href":"https:\/\/cooaceded.coop\/wordpress\/wp-json\/wp\/v2\/pages\/1821","targetHints":{"allow":["GET"]}}],"collection":[{"href":"https:\/\/cooaceded.coop\/wordpress\/wp-json\/wp\/v2\/pages"}],"about":[{"href":"https:\/\/cooaceded.coop\/wordpress\/wp-json\/wp\/v2\/types\/page"}],"author":[{"embeddable":true,"href":"https:\/\/cooaceded.coop\/wordpress\/wp-json\/wp\/v2\/users\/1"}],"replies":[{"embeddable":true,"href":"https:\/\/cooaceded.coop\/wordpress\/wp-json\/wp\/v2\/comments?post=1821"}],"version-history":[{"count":0,"href":"https:\/\/cooaceded.coop\/wordpress\/wp-json\/wp\/v2\/pages\/1821\/revisions"}],"wp:attachment":[{"href":"https:\/\/cooaceded.coop\/wordpress\/wp-json\/wp\/v2\/media?parent=1821"}],"curies":[{"name":"wp","href":"https:\/\/api.w.org\/{rel}","templated":true}]}}